{"id":118,"date":"2022-02-14T18:21:27","date_gmt":"2022-02-14T17:21:27","guid":{"rendered":"https:\/\/www.avtsportif.fr\/?page_id=118"},"modified":"2022-02-14T18:38:41","modified_gmt":"2022-02-14T17:38:41","slug":"discipline-10-metres","status":"publish","type":"page","link":"https:\/\/www.avtsportif.fr\/index.php\/discipline-10-metres\/","title":{"rendered":"Discipline : 10 m\u00e8tres"},"content":{"rendered":"\n<p>Toutes les \u00e9preuves de tir se d\u00e9roulent avec des cibles situ\u00e9es \u00e0 10 m\u00e8tres du tireur, qui se tient debout. Les armes pistolet ou carabine sont \u00e0 air comprim\u00e9 ou au CO2, les munitions sont des plombs \u00ab&nbsp;diabolo&nbsp;\u00bb de calibre 4.5&nbsp;mm.<\/p>\n\n\n\n<p>C&rsquo;est une merveilleuse pratique d&rsquo;initiation mais aussi un sport de comp\u00e9tition de la plus rigoureuse pr\u00e9cision.<\/p>\n\n\n\n<h2 class=\"wp-block-heading\" id=\"pistolet-10-metres-100\">Pistolet 10 m\u00e8tres (100)<\/h2>\n\n\n\n<p>Discipline olympique pour les seniors et les dames.<\/p>\n\n\n\n<p><strong>Arme<\/strong>&nbsp;: Pistolet \u00e0 1 coup.<\/p>\n\n\n\n<p><strong>Programme<\/strong> :<\/p>\n\n\n\n<ul class=\"wp-block-list\"><li>60 plombs, pour toutes les cat\u00e9gories de cadets \u00e0 seniors (except\u00e9 les Dames 3), tir\u00e9s en 1 h 30 (+ 15 mn d&rsquo;essais)<\/li><li>40 plombs, pour la cat\u00e9gorie Dame 3 (&gt; 60 ans) tir\u00e9s en 1 h (+ 15 mn d&rsquo;essais)<\/li><\/ul>\n\n\n\n<p><em>Discipline d\u2019initiation par excellence, le pistolet \u00e0 10 m\u00e8tres se pratique \u00e9galement au plus haut niveau, les Jeux Olympiques accueillent l\u2019\u00e9preuve depuis 1988.<\/em><\/p>\n\n\n\n<h2 class=\"wp-block-heading\" id=\"pistolet-10-metres-vitesse-5-cibles-103\">Pistolet 10 m\u00e8tres vitesse 5 cibles (103)<\/h2>\n\n\n\n<p>Discipline d&rsquo;initiation par excellence pour le tir de vitesse.<\/p>\n\n\n\n<p>Ce tir s\u2019effectue sur 5 cibles basculantes (genre cibles biathlon)<\/p>\n\n\n\n<p><strong>Arme<\/strong>&nbsp;: Pistolet \u00e0 5 coups (chargeur de 5 plombs)<\/p>\n\n\n\n<p><strong>Programme<\/strong> :<\/p>\n\n\n\n<ul class=\"wp-block-list\"><li>8 s\u00e9ries (40 coups de match).<\/li><li>Chaque s\u00e9rie se d\u00e9compose en 5 coups tir\u00e9s en 10 secondes &#8211; 1 coup est tir\u00e9 sur chacune des 5 cibles.<\/li><\/ul>\n\n\n\n<h2 class=\"wp-block-heading\" id=\"pistolet-10-metres-standard-103\">Pistolet 10 m\u00e8tres Standard (103)<\/h2>\n\n\n\n<p>Discipline d\u2019initiation par excellence pour le standard \u00e0 25 m\u00e8tres<\/p>\n\n\n\n<p>Ce tir s\u2019effectue sur une cible de pr\u00e9cision situ\u00e9e \u00e0 10 m\u00e8tres<\/p>\n\n\n\n<p><strong>Arme<\/strong>&nbsp;: Pistolet 5 coups (chargeur de 5 plombs)<\/p>\n\n\n\n<p><strong>Programme<\/strong> :<\/p>\n\n\n\n<ul class=\"wp-block-list\"><li>8 s\u00e9ries (40 coups de match).<\/li><li>Chaque s\u00e9rie se d\u00e9compose en 5 coups tir\u00e9s en 10 secondes sur la m\u00eame cible.<\/li><\/ul>\n\n\n\n<h2 class=\"wp-block-heading\" id=\"carabine-10-metres-104\">Carabine 10 m\u00e8tres (104)<\/h2>\n\n\n\n<p>Discipline olympique pour les seniors et les dames.<\/p>\n\n\n\n<p><strong>Arme<\/strong>: Carabine standard \u00e0 1 coup<\/p>\n\n\n\n<p><strong>Programme<\/strong> :<\/p>\n\n\n\n<ul class=\"wp-block-list\"><li>60 plombs, pour toutes les cat\u00e9gories de cadets \u00e0 seniors (except\u00e9 les Dames 3), tir\u00e9s en 1 h 30 (+ 15 mn d&rsquo;essais)<\/li><li>40 plombs, pour la cat\u00e9gorie Dame 3 (&gt; 60 ans) tir\u00e9s en 1 h (+ 15 mn d&rsquo;essais<\/li><\/ul>\n\n\n\n<hr class=\"wp-block-separator\"\/>\n\n\n\n<p class=\"has-text-align-right\">Retour vers <a href=\"https:\/\/www.avtsportif.fr\/index.php\/les-disciplines-pratiquees\/\" data-type=\"page\" data-id=\"116\">Les disciplines pratiqu\u00e9es<\/a><\/p>\n","protected":false},"excerpt":{"rendered":"<p>Toutes les \u00e9preuves de tir se d\u00e9roulent avec des cibles situ\u00e9es \u00e0 10 m\u00e8tres du tireur, qui se tient debout. Les armes pistolet ou carabine sont \u00e0 air comprim\u00e9 ou au CO2, les munitions sont des plombs \u00ab&nbsp;diabolo&nbsp;\u00bb de calibre 4.5&nbsp;mm. C&rsquo;est une merveilleuse pratique d&rsquo;initiation mais aussi un sport de comp\u00e9tition de la plus &hellip; <a href=\"https:\/\/www.avtsportif.fr\/index.php\/discipline-10-metres\/\" class=\"more-link\">Continuer la lecture<span class=\"screen-reader-text\"> de &laquo;&nbsp;Discipline : 10 m\u00e8tres&nbsp;&raquo;<\/span><\/a><\/p>\n","protected":false},"author":1,"featured_media":0,"parent":0,"menu_order":0,"comment_status":"closed","ping_status":"closed","template":"","meta":{"ngg_post_thumbnail":0,"footnotes":""},"class_list":["post-118","page","type-page","status-publish","hentry"],"_links":{"self":[{"href":"https:\/\/www.avtsportif.fr\/index.php\/wp-json\/wp\/v2\/pages\/118","targetHints":{"allow":["GET"]}}],"collection":[{"href":"https:\/\/www.avtsportif.fr\/index.php\/wp-json\/wp\/v2\/pages"}],"about":[{"href":"https:\/\/www.avtsportif.fr\/index.php\/wp-json\/wp\/v2\/types\/page"}],"author":[{"embeddable":true,"href":"https:\/\/www.avtsportif.fr\/index.php\/wp-json\/wp\/v2\/users\/1"}],"replies":[{"embeddable":true,"href":"https:\/\/www.avtsportif.fr\/index.php\/wp-json\/wp\/v2\/comments?post=118"}],"version-history":[{"count":5,"href":"https:\/\/www.avtsportif.fr\/index.php\/wp-json\/wp\/v2\/pages\/118\/revisions"}],"predecessor-version":[{"id":138,"href":"https:\/\/www.avtsportif.fr\/index.php\/wp-json\/wp\/v2\/pages\/118\/revisions\/138"}],"wp:attachment":[{"href":"https:\/\/www.avtsportif.fr\/index.php\/wp-json\/wp\/v2\/media?parent=118"}],"curies":[{"name":"wp","href":"https:\/\/api.w.org\/{rel}","templated":true}]}}