{"id":130,"date":"2022-02-14T18:35:16","date_gmt":"2022-02-14T17:35:16","guid":{"rendered":"https:\/\/www.avtsportif.fr\/?page_id=130"},"modified":"2022-02-14T18:38:29","modified_gmt":"2022-02-14T17:38:29","slug":"disciplines-25-metres","status":"publish","type":"page","link":"https:\/\/www.avtsportif.fr\/index.php\/disciplines-25-metres\/","title":{"rendered":"Disciplines 25 m\u00e8tres"},"content":{"rendered":"\n<h2 class=\"wp-block-heading\" id=\"pistolet-standard-250\">Pistolet standard (250)<\/h2>\n\n\n\n<p>Discipline mondiale. Ce tir s\u2019effectue sur une cible de pr\u00e9cision C50 pour l&rsquo;ensemble des s\u00e9ries.<\/p>\n\n\n\n<p><strong>Arme<\/strong>&nbsp;: Pistolet 22 LR semi-automatique \u00e0 5 coups<\/p>\n\n\n\n<p><strong>Programme<\/strong>&nbsp;: 60 coups qui se d\u00e9composent en 3 s\u00e9ries de 20 coups&nbsp;:<\/p>\n\n\n\n<ul class=\"wp-block-list\"><li>1<sup>\u00e8re<\/sup> s\u00e9rie&nbsp;: 4 fois 5 coups tir\u00e9s en 150 secondes,<\/li><li>2<sup>\u00e8me<\/sup> s\u00e9rie : 4 fois 5 coups tir\u00e9s en 20 secondes,<\/li><li>3<sup>\u00e8me<\/sup> s\u00e9rie : 4 fois 5 coups tir\u00e9s en 10 secondes.<\/li><\/ul>\n\n\n\n<h2 class=\"wp-block-heading\" id=\"pistolet-22lr-252-et-pistolet-percussion-centrale-251\">Pistolet 22LR (252)&nbsp;et Pistolet Percussion Centrale (251)<\/h2>\n\n\n\n<p>Discipline olympique pour les dames en 22 LR, mondiale pour les juniors en 22 LR et mondiale pour les seniors en percussion centrale.<\/p>\n\n\n\n<p>Ce tir s\u2019effectue sur une cible de pr\u00e9cision C50 pour la 1<sup>\u00e8re<\/sup> partie et sur une cible de vitesse pour la 2<sup>\u00e8me<\/sup>&nbsp;partie.<\/p>\n\n\n\n<p><strong>Arme<\/strong>&nbsp;: Revolver ou Pistolet 22LR pour le pistolet 22LR, revolver ou pistolet calibre 32 ou 38 pour le pistolet percussion centrale.<\/p>\n\n\n\n<p><strong>Programme<\/strong>&nbsp;:<\/p>\n\n\n\n<ul class=\"wp-block-list\"><li>1<sup>\u00e8re<\/sup> partie&nbsp;&nbsp;: 30 coups en \u00ab\u00a0pr\u00e9cision\u00a0\u00bb se d\u00e9composant en <ul><li>6 s\u00e9ries de 5 coups en 5 minutes.<\/li><\/ul><\/li><li>2<sup>\u00e8me<\/sup> partie&nbsp;: 30 coups en \u00ab\u00a0vitesse\u00a0\u00bb se d\u00e9composant en <ul><li>6 s\u00e9ries de 5 coups.<\/li><li><em>Le tireur dispose de 3 secondes pour tirer une balle, la cible pivote et s\u2019efface pendant 7 secondes entre chaque coup<\/em>.<\/li><\/ul><\/li><\/ul>\n\n\n\n<h2 class=\"wp-block-heading\" id=\"pistolet-vitesse-253\">Pistolet Vitesse (253)<\/h2>\n\n\n\n<p>Discipline olympique pour les seniors.<\/p>\n\n\n\n<p><strong>Arme<\/strong>&nbsp;: Pistolet 22 Long Rifle (5,5 mm), chargeur \u00e0 5 coups.<\/p>\n\n\n\n<p><strong>Programme<\/strong>&nbsp;: 2 s\u00e9ries de 30 coups, chacune se d\u00e9composant comme suit.<\/p>\n\n\n\n<p>Les&nbsp; 5 cibles utilis\u00e9es simultan\u00e9ment sont pivotantes. (1 coup par cible pour toutes les s\u00e9ries)<\/p>\n\n\n\n<p>Chaque s\u00e9rie se compose en :<\/p>\n\n\n\n<ul class=\"wp-block-list\"><li>2 s\u00e9ries de 5 coups tir\u00e9s en 8 secondes,<\/li><li>2 s\u00e9ries de 5 coups tir\u00e9s en 6 secondes,<\/li><li>2 s\u00e9ries de 5 coups tir\u00e9s en 4 secondes.<\/li><\/ul>\n\n\n\n<hr class=\"wp-block-separator\"\/>\n\n\n\n<p class=\"has-text-align-right\">Retour vers <a href=\"https:\/\/www.avtsportif.fr\/index.php\/les-disciplines-pratiquees\/\" data-type=\"page\" data-id=\"116\">Les disciplines pratiqu\u00e9es<\/a><\/p>\n","protected":false},"excerpt":{"rendered":"<p>Pistolet standard (250) Discipline mondiale. Ce tir s\u2019effectue sur une cible de pr\u00e9cision C50 pour l&rsquo;ensemble des s\u00e9ries. Arme&nbsp;: Pistolet 22 LR semi-automatique \u00e0 5 coups Programme&nbsp;: 60 coups qui se d\u00e9composent en 3 s\u00e9ries de 20 coups&nbsp;: 1\u00e8re s\u00e9rie&nbsp;: 4 fois 5 coups tir\u00e9s en 150 secondes, 2\u00e8me s\u00e9rie : 4 fois 5 coups &hellip; <a href=\"https:\/\/www.avtsportif.fr\/index.php\/disciplines-25-metres\/\" class=\"more-link\">Continuer la lecture<span class=\"screen-reader-text\"> de &laquo;&nbsp;Disciplines 25 m\u00e8tres&nbsp;&raquo;<\/span><\/a><\/p>\n","protected":false},"author":1,"featured_media":0,"parent":0,"menu_order":0,"comment_status":"closed","ping_status":"closed","template":"","meta":{"ngg_post_thumbnail":0,"footnotes":""},"class_list":["post-130","page","type-page","status-publish","hentry"],"_links":{"self":[{"href":"https:\/\/www.avtsportif.fr\/index.php\/wp-json\/wp\/v2\/pages\/130","targetHints":{"allow":["GET"]}}],"collection":[{"href":"https:\/\/www.avtsportif.fr\/index.php\/wp-json\/wp\/v2\/pages"}],"about":[{"href":"https:\/\/www.avtsportif.fr\/index.php\/wp-json\/wp\/v2\/types\/page"}],"author":[{"embeddable":true,"href":"https:\/\/www.avtsportif.fr\/index.php\/wp-json\/wp\/v2\/users\/1"}],"replies":[{"embeddable":true,"href":"https:\/\/www.avtsportif.fr\/index.php\/wp-json\/wp\/v2\/comments?post=130"}],"version-history":[{"count":5,"href":"https:\/\/www.avtsportif.fr\/index.php\/wp-json\/wp\/v2\/pages\/130\/revisions"}],"predecessor-version":[{"id":137,"href":"https:\/\/www.avtsportif.fr\/index.php\/wp-json\/wp\/v2\/pages\/130\/revisions\/137"}],"wp:attachment":[{"href":"https:\/\/www.avtsportif.fr\/index.php\/wp-json\/wp\/v2\/media?parent=130"}],"curies":[{"name":"wp","href":"https:\/\/api.w.org\/{rel}","templated":true}]}}