{"id":1312,"date":"2024-03-02T01:21:52","date_gmt":"2024-03-02T00:21:52","guid":{"rendered":"https:\/\/www.avtsportif.fr\/?page_id=1312"},"modified":"2024-04-08T19:11:23","modified_gmt":"2024-04-08T17:11:23","slug":"ouvrir-un-compte-sia","status":"publish","type":"page","link":"https:\/\/www.avtsportif.fr\/index.php\/ouvrir-un-compte-sia\/","title":{"rendered":"Ouvrir un compte SIA"},"content":{"rendered":"\n<p><em>Inutile de vous pr\u00e9cipiter pour ouvrir votre compte, vous avez le temps mais ne d\u00e9passez pas la date limite du 31 d\u00e9cembre 2024&nbsp;!<\/em><\/p>\n\n\n\n<p><strong>Avant de commencer<\/strong>, d\u00e9posez sur votre bureau les documents suivants que vous devrez t\u00e9l\u00e9charger (il vous faut aussi poss\u00e9der une <strong>adresse mail valide<\/strong>)&nbsp;:<\/p>\n\n\n\n<ul class=\"wp-block-list\">\n<li>Copie de votre carte d\u2019identit\u00e9 ou \u00e9quivalent<\/li>\n\n\n\n<li>Justificatif de domicile de moins de trois mois<\/li>\n\n\n\n<li>Licence \u00e0 r\u00e9cup\u00e9rer sur le site EDEN<\/li>\n\n\n\n<li>Copie de votre certificat m\u00e9dical que vous pouvez ajouter en t\u00e9l\u00e9chargement optionnel<\/li>\n<\/ul>\n\n\n\n<p>Si vous avez d\u00e9j\u00e0 cr\u00e9\u00e9 un compte SIA en tant que <strong>chasseur<\/strong>, connectez-vous \u00e0 ce compte et modifiez les informations du compte en ajoutant votre num\u00e9ro de licence de tireur sportif&nbsp;; votre compte deviendra un compte \u00e0 la fois de chasseur et de tireur.<\/p>\n\n\n\n<p>Sinon, l\u2019adresse pour cr\u00e9er son compte est <a href=\"https:\/\/sia.interieur.gouv.fr\" target=\"_blank\" rel=\"noreferrer noopener\">https:\/\/sia.interieur.gouv.fr<\/a>. Choisir ensuite l\u2019option \u00ab&nbsp;Cr\u00e9er mon compte&nbsp;\u00bb.<\/p>\n\n\n\n<p><strong>Si vous avez des probl\u00e8mes pour vous connecter<\/strong> <strong>\u00e0 cette page de cr\u00e9ation de compte<\/strong>, utilisez un autre navigateur (Edge par exemple) et si les probl\u00e8mes persistent, cela peut provenir du certificat de s\u00e9curit\u00e9 du site&nbsp;; dans ce cas, connectez-vous en demandant \u00e0 votre navigateur d\u2019ignorer ce certificat de s\u00e9curit\u00e9.<\/p>\n\n\n\n<p>Une fois connect\u00e9, choisissez la cat\u00e9gorie \u00ab&nbsp;Licenci\u00e9&nbsp;\u00bb (tireur sportif), puis laissez-vous guider et remplissez les diff\u00e9rentes \u00e9tapes (\u00e9tat civil, num\u00e9ro de licence). Toujours bien valider une \u00e9tape pour passer \u00e0 la suivante.<\/p>\n\n\n\n<figure class=\"wp-block-image size-full\"><img loading=\"lazy\" decoding=\"async\" width=\"840\" height=\"580\" src=\"https:\/\/www.avtsportif.fr\/wp-content\/uploads\/2024\/03\/Categorie_SIA.png\" alt=\"\" class=\"wp-image-1321\" srcset=\"https:\/\/www.avtsportif.fr\/wp-content\/uploads\/2024\/03\/Categorie_SIA.png 840w, https:\/\/www.avtsportif.fr\/wp-content\/uploads\/2024\/03\/Categorie_SIA-300x207.png 300w, https:\/\/www.avtsportif.fr\/wp-content\/uploads\/2024\/03\/Categorie_SIA-768x530.png 768w\" sizes=\"auto, (max-width: 709px) 85vw, (max-width: 909px) 67vw, (max-width: 1362px) 62vw, 840px\" \/><\/figure>\n\n\n\n<p><\/p>\n\n\n\n<p>Si un bug survient (notamment apr\u00e8s utilisation de la CAPTCHA pour prouver que vous n\u2019\u00eates pas un robot), revenez \u00e0 la page pr\u00e9c\u00e9dente et recommencez.<\/p>\n\n\n\n<figure class=\"wp-block-image size-full\"><img loading=\"lazy\" decoding=\"async\" width=\"901\" height=\"621\" src=\"https:\/\/www.avtsportif.fr\/wp-content\/uploads\/2024\/03\/CAPTCHA.png\" alt=\"\" class=\"wp-image-1323\" srcset=\"https:\/\/www.avtsportif.fr\/wp-content\/uploads\/2024\/03\/CAPTCHA.png 901w, https:\/\/www.avtsportif.fr\/wp-content\/uploads\/2024\/03\/CAPTCHA-300x207.png 300w, https:\/\/www.avtsportif.fr\/wp-content\/uploads\/2024\/03\/CAPTCHA-768x529.png 768w\" sizes=\"auto, (max-width: 709px) 85vw, (max-width: 909px) 67vw, (max-width: 1362px) 62vw, 840px\" \/><\/figure>\n\n\n\n<p><\/p>\n\n\n\n<p>Lors de la proc\u00e9dure, vous recevez un <strong>mail avec un lien qui sert \u00e0 finaliser<\/strong> la cr\u00e9ation du compte&nbsp;: pensez \u00e0 v\u00e9rifier les SPAM si vous ne voyez rien arriver.<\/p>\n\n\n\n<p>\u00c0 la fin de la proc\u00e9dure, vous obtiendrez <strong>un num\u00e9ro SIA<\/strong> et un <strong>identifiant de connexion<\/strong> (\u00e0 associer au mot de passe que vous avez d\u00e9fini)&nbsp;: pensez \u00e0 t\u00e9l\u00e9charger le petit PDF propos\u00e9 par le site qui vous r\u00e9sume tout cela et conservez-le. Attention \u00e0 bien diff\u00e9rencier les lettres de votre identifiant&nbsp;: un l (lima) minuscule peut \u00eatre interpr\u00e9t\u00e9 comme un I (india) majuscule qui lui-m\u00eame ressemble fortement au 1&nbsp;!<\/p>\n\n\n\n<figure class=\"wp-block-image size-full\"><img loading=\"lazy\" decoding=\"async\" width=\"754\" height=\"611\" src=\"https:\/\/www.avtsportif.fr\/wp-content\/uploads\/2024\/03\/Info_login.png\" alt=\"\" class=\"wp-image-1322\" srcset=\"https:\/\/www.avtsportif.fr\/wp-content\/uploads\/2024\/03\/Info_login.png 754w, https:\/\/www.avtsportif.fr\/wp-content\/uploads\/2024\/03\/Info_login-300x243.png 300w\" sizes=\"auto, (max-width: 754px) 85vw, 754px\" \/><\/figure>\n\n\n\n<p><\/p>\n\n\n\n<p><strong>Attention<\/strong> : Ce num\u00e9ro SIA vous suivra tout au long de votre vie de d\u00e9tenteur d&rsquo;armes. L&rsquo;identifiant de connexion est indispensable pour acc\u00e9der \u00e0 votre compte.<\/p>\n\n\n\n<p>Quelques temps apr\u00e8s avoir cr\u00e9\u00e9 votre compte SIA, vous recevez un mail vous informant de la <strong>disponibilit\u00e9 de votre r\u00e2telier num\u00e9rique<\/strong>&nbsp;; v\u00e9rifiez l\u2019arriv\u00e9e de ce mail ou de la disponibilit\u00e9 du r\u00e2telier dans le site. Vous avez alors 6 mois pour corriger les donn\u00e9es erron\u00e9es ou manquantes. S\u2019il manque \u00e0 l\u2019administration des donn\u00e9es, vos armes figurent dans un tableau intitul\u00e9 <em>\u00ab&nbsp;Armes n\u00e9cessitant une mise \u00e0 jour de votre part&nbsp;\u00bb<\/em>&nbsp;; par exemple, il peut manquer les num\u00e9ros RGA (r\u00e9f\u00e9rentiel g\u00e9n\u00e9ral des armes). C\u2019est \u00e0 vous d\u2019effectuer les corrections pour que les armes de ce tableau rejoignent le r\u00e2telier. Si, apr\u00e8s un d\u00e9lai raisonnable, vous n\u2019avez toujours pas votre r\u00e2telier, faites une demande en ligne en expliquant votre cas.<\/p>\n\n\n\n<p><strong>Pour consulter le RGA<\/strong>, vous avez un lien sur le site qui ouvre une autre page. Dans cette nouvelle page, cliquez sur \u00ab&nbsp;Recherche simplifi\u00e9e&nbsp;\u00bb et laissez-vous guider. Si \u00e0 la fin plusieurs fiches vous sont propos\u00e9es, consultez-les pour voir leurs diff\u00e9rences (longueur de l\u2019arme, longueur du canon, etc.), ce qui vous permettra d\u2019identifier l\u2019arme et sa r\u00e9f\u00e9rence RGA. Votre derni\u00e8re d\u00e9tention papier peut aussi vous aider \u00e0 remplir les diff\u00e9rents champs&nbsp;: choix de la marque, choix du calibre, etc.<\/p>\n\n\n\n<p>Ne d\u00e9clarez pas trop t\u00f4t les armes manquantes, il risque de se cr\u00e9er des doublons \u00e0 terme, les changements pouvant se croiser. <\/p>\n\n\n\n<p>Si vous devez corriger votre r\u00e2telier (arme en double ou que vous ne d\u00e9tenez plus ou que vous n&rsquo;avez jamais d\u00e9tenue), suivez la proc\u00e9dure d\u00e9crite <a href=\"https:\/\/www.avtsportif.fr\/wp-content\/uploads\/2024\/03\/scae_fiche-sia_signalement_erreur_arme_encodagep_dec23.pdf\" target=\"_blank\" rel=\"noreferrer noopener\">sur ce document<\/a>. Pour supprimer une arme en double, lisez plut\u00f4t <a href=\"https:\/\/www.avtsportif.fr\/wp-content\/uploads\/2024\/04\/SUPPRESSION-DE-DOUBLONS-RATELIER-NUMERIQUE.pdf\" target=\"_blank\" rel=\"noreferrer noopener\">cet autre document<\/a> qui est plus simple.<\/p>\n\n\n\n<p>Pour faire appara\u00eetre dans votre compte SIA vos autorisations de d\u00e9tention, il faut remplir le formulaire de contact (l\u2019option appara\u00eet en pied de page, avant derni\u00e8re ligne) et \u00e9crire une demande courtoise aupr\u00e8s des fonctionnaires de la pr\u00e9fecture pour qu\u2019ils fassent le n\u00e9cessaire pour qu\u2019elles apparaissent.<\/p>\n\n\n\n<p>Une fois votre compte cr\u00e9\u00e9, vous pouvez g\u00e9n\u00e9rer votre CEAF (Carte Europ\u00e9enne d\u2019Armes \u00e0 Feu) qui vous permet de voyager avec vos armes dans les autres pays de l\u2019Union Europ\u00e9enne. Allez dans \u00ab&nbsp;Mes d\u00e9marches&nbsp;\u00bb et cliquez sur \u00ab&nbsp;\u00c9diter ma carte europ\u00e9enne d\u2019armes \u00e0 feu (CEAF)&nbsp;\u00bb. Dans la fen\u00eatre qui s\u2019ouvre, ajouter une photo d\u2019identit\u00e9 (obligatoire), v\u00e9rifiez votre identit\u00e9 et r\u00e9sidence principale et ajouter les armes \u00e0 faire appara\u00eetre sur la CEAF. Le document est g\u00e9n\u00e9r\u00e9 instantan\u00e9ment et est traduit dans toutes les langues des pays de l\u2019UE&nbsp;: vous pouvez l\u2019imprimer (six pages) ou bien l\u2019enregistrer dans votre smartphone.<\/p>\n\n\n\n<figure class=\"wp-block-image size-large\"><img loading=\"lazy\" decoding=\"async\" width=\"1024\" height=\"304\" src=\"https:\/\/www.avtsportif.fr\/wp-content\/uploads\/2024\/03\/CEAF-1024x304.png\" alt=\"\" class=\"wp-image-1346\" srcset=\"https:\/\/www.avtsportif.fr\/wp-content\/uploads\/2024\/03\/CEAF-1024x304.png 1024w, https:\/\/www.avtsportif.fr\/wp-content\/uploads\/2024\/03\/CEAF-300x89.png 300w, https:\/\/www.avtsportif.fr\/wp-content\/uploads\/2024\/03\/CEAF-768x228.png 768w, https:\/\/www.avtsportif.fr\/wp-content\/uploads\/2024\/03\/CEAF-1200x356.png 1200w, https:\/\/www.avtsportif.fr\/wp-content\/uploads\/2024\/03\/CEAF.png 1236w\" sizes=\"auto, (max-width: 709px) 85vw, (max-width: 909px) 67vw, (max-width: 1362px) 62vw, 840px\" \/><\/figure>\n\n\n\n<p>Pour toutes informations compl\u00e9mentaires, consultez le <a href=\"https:\/\/www.avtsportif.fr\/wp-content\/uploads\/2024\/02\/Parcours_creation_de_compte-sia-chasseur.pdf\" target=\"_blank\" rel=\"noreferrer noopener\">Guide pour cr\u00e9er un compte SIA<\/a>.<\/p>\n\n\n\n<p><strong><span style=\"text-decoration: underline;\">Retour d&rsquo;exp\u00e9rience de certains membres du club<\/span><\/strong> :<\/p>\n\n\n\n<p>Ne rentrer une arme en SIA que lorsque vous \u00eates en sa possession compl\u00e8te, c&rsquo;est-\u00e0-dire une fois rentr\u00e9 chez soi apr\u00e8s achat en armurerie, ou bien \u00e0 r\u00e9ception de l&rsquo;arme compl\u00e8te si envoi en deux colis (si un colis se perd, vous n&rsquo;\u00eates pas encore propri\u00e9taire de l&rsquo;arme m\u00eame si vous l&rsquo;avez pay\u00e9e en totalit\u00e9).<\/p>\n\n\n\n<p>Pour transporter vos armes, il est conseill\u00e9 d&rsquo;avoir votre autorisation unique et la fiche de situation de chaque arme, au moins tant que le syst\u00e8me se r\u00f4de et que les forces de l&rsquo;ordre (police, gendarmerie, douanes) soient form\u00e9es \u00e0 ce nouveau syst\u00e8me.<\/p>\n\n\n\n<p>Un ou deux jours peuvent \u00eatre n\u00e9cessaires pour voir appara\u00eetre son quota d&rsquo;armes (6 ou 15) ; si apr\u00e8s ce d\u00e9lai votre quota est toujours \u00e0 z\u00e9ro, faire une demande via la plate-forme pour mettre \u00e0 jour votre quota. De m\u00eame, pour les armes qui ne remontent pas directement 48 h apr\u00e8s la cr\u00e9ation du compte, faire une demande via la plate-forme et en fonction de la r\u00e9ponse, renseigner soi-m\u00eame les armes.<\/p>\n","protected":false},"excerpt":{"rendered":"<p>Inutile de vous pr\u00e9cipiter pour ouvrir votre compte, vous avez le temps mais ne d\u00e9passez pas la date limite du 31 d\u00e9cembre 2024&nbsp;! Avant de commencer, d\u00e9posez sur votre bureau les documents suivants que vous devrez t\u00e9l\u00e9charger (il vous faut aussi poss\u00e9der une adresse mail valide)&nbsp;: Si vous avez d\u00e9j\u00e0 cr\u00e9\u00e9 un compte SIA en &hellip; <a href=\"https:\/\/www.avtsportif.fr\/index.php\/ouvrir-un-compte-sia\/\" class=\"more-link\">Continuer la lecture<span class=\"screen-reader-text\"> de &laquo;&nbsp;Ouvrir un compte SIA&nbsp;&raquo;<\/span><\/a><\/p>\n","protected":false},"author":1,"featured_media":0,"parent":0,"menu_order":0,"comment_status":"closed","ping_status":"closed","template":"","meta":{"ngg_post_thumbnail":0,"footnotes":""},"class_list":["post-1312","page","type-page","status-publish","hentry"],"_links":{"self":[{"href":"https:\/\/www.avtsportif.fr\/index.php\/wp-json\/wp\/v2\/pages\/1312","targetHints":{"allow":["GET"]}}],"collection":[{"href":"https:\/\/www.avtsportif.fr\/index.php\/wp-json\/wp\/v2\/pages"}],"about":[{"href":"https:\/\/www.avtsportif.fr\/index.php\/wp-json\/wp\/v2\/types\/page"}],"author":[{"embeddable":true,"href":"https:\/\/www.avtsportif.fr\/index.php\/wp-json\/wp\/v2\/users\/1"}],"replies":[{"embeddable":true,"href":"https:\/\/www.avtsportif.fr\/index.php\/wp-json\/wp\/v2\/comments?post=1312"}],"version-history":[{"count":11,"href":"https:\/\/www.avtsportif.fr\/index.php\/wp-json\/wp\/v2\/pages\/1312\/revisions"}],"predecessor-version":[{"id":1364,"href":"https:\/\/www.avtsportif.fr\/index.php\/wp-json\/wp\/v2\/pages\/1312\/revisions\/1364"}],"wp:attachment":[{"href":"https:\/\/www.avtsportif.fr\/index.php\/wp-json\/wp\/v2\/media?parent=1312"}],"curies":[{"name":"wp","href":"https:\/\/api.w.org\/{rel}","templated":true}]}}