{"id":145,"date":"2022-02-14T18:51:56","date_gmt":"2022-02-14T17:51:56","guid":{"rendered":"https:\/\/www.avtsportif.fr\/?page_id=145"},"modified":"2022-10-05T17:38:12","modified_gmt":"2022-10-05T15:38:12","slug":"ecole-de-tir","status":"publish","type":"page","link":"https:\/\/www.avtsportif.fr\/index.php\/ecole-de-tir\/","title":{"rendered":"Ecole de Tir"},"content":{"rendered":"\n<p>L\u2019\u00e9cole de tir \u00e0 pour objectif d\u2019initier les enfants, filles et gar\u00e7ons, \u00e0 la pratique du tir sportif, \u00e0 la s\u00e9curit\u00e9 et \u00e0 la ma\u00eetrise des armes.<\/p>\n\n\n\n<p>Le tir s\u2019effectue \u00e0 10 m\u00e8tres avec des carabines ou des pistolets \u00e0 air comprim\u00e9<\/p>\n\n\n\n<p>Elle s\u2019adresse aux enfants de 9 \u00e0 14 ans par cat\u00e9gories d\u2019\u00e2ge&nbsp;:<\/p>\n\n\n\n<ul class=\"wp-block-list\"><li>Poussins&nbsp;: 9 &amp; 10 ans,<\/li><li>Benjamins&nbsp;: 11 &amp; 12 ans,<\/li><li>Minimes&nbsp;: 13 &amp; 14 ans,<\/li><\/ul>\n\n\n\n<p>L\u2019enseignement concerne les cours, le pr\u00eat des armes, la fourniture des plombs et des cartons<\/p>\n\n\n\n<p>La dur\u00e9e de formation est fonction de l\u2019adaptation et de la progression de chaque tireur<\/p>\n\n\n\n<p>La formation commence fin septembre et se termine fin juin en fonction des dates des comp\u00e9titions<\/p>\n\n\n\n<p>Le jeune licenci\u00e9 participe \u00e0 des comp\u00e9titions officielles de la F\u00e9d\u00e9ration Fran\u00e7aise de Tir (au minimum 2, au maximum 4) ainsi qu\u2019\u00e0 des rencontres amicales dont le Circuit des Ecoles de Tir des Yvelines qui comporte 5 rencontres<\/p>\n\n\n\n<p>Les s\u00e9ances se d\u00e9roulent sur le pas de tir 10 m\u00e8tres (8 postes) et sur le pas de tir 25\/50 m\u00e8tres (7 postes) am\u00e9nag\u00e9 en 10 m\u00e8tres,<\/p>\n\n\n\n<p>Les armes sont des carabines ou des pistolets \u00e0 air comprim\u00e9, pr\u00eat\u00e9es par le club<\/p>\n\n\n\n<p>Les horaires sont le mardi apr\u00e8s l&rsquo;\u00e9cole de 17h \u00e0 19h (2 groupes de 8 \u00e9l\u00e8ves pour une heure e cours).<\/p>\n\n\n\n<p class=\"has-text-align-center\"><a href=\"https:\/\/www.avtsportif.fr\/wp-content\/uploads\/2022\/10\/Charte-de-lecole-de-tir-2022_2023.pdf\" data-type=\"URL\" target=\"_blank\" rel=\"noreferrer noopener\"><mark style=\"background-color:#9adffd\" class=\"has-inline-color\">Charte de l&rsquo;\u00e9cole de tir<\/mark><\/a><\/p>\n\n\n\n<hr class=\"wp-block-separator has-css-opacity\"\/>\n\n\n\n<p class=\"has-text-align-center\"><a href=\"https:\/\/www.avtsportif.fr\/wp-content\/uploads\/2022\/10\/Calendrier-Vacances-2021-2023.pdf\" target=\"_blank\" rel=\"noreferrer noopener\">Vacances scolaires<\/a><\/p>\n\n\n\n<p class=\"has-text-align-right\">Retour vers <a href=\"https:\/\/www.avtsportif.fr\/index.php\/les-disciplines-pratiquees\/\" data-type=\"page\" data-id=\"116\">Les disciplines pratiqu\u00e9es<\/a><\/p>\n","protected":false},"excerpt":{"rendered":"<p>L\u2019\u00e9cole de tir \u00e0 pour objectif d\u2019initier les enfants, filles et gar\u00e7ons, \u00e0 la pratique du tir sportif, \u00e0 la s\u00e9curit\u00e9 et \u00e0 la ma\u00eetrise des armes. Le tir s\u2019effectue \u00e0 10 m\u00e8tres avec des carabines ou des pistolets \u00e0 air comprim\u00e9 Elle s\u2019adresse aux enfants de 9 \u00e0 14 ans par cat\u00e9gories d\u2019\u00e2ge&nbsp;: Poussins&nbsp;: &hellip; <a href=\"https:\/\/www.avtsportif.fr\/index.php\/ecole-de-tir\/\" class=\"more-link\">Continuer la lecture<span class=\"screen-reader-text\"> de &laquo;&nbsp;Ecole de Tir&nbsp;&raquo;<\/span><\/a><\/p>\n","protected":false},"author":1,"featured_media":0,"parent":0,"menu_order":0,"comment_status":"closed","ping_status":"closed","template":"","meta":{"ngg_post_thumbnail":0,"footnotes":""},"class_list":["post-145","page","type-page","status-publish","hentry"],"_links":{"self":[{"href":"https:\/\/www.avtsportif.fr\/index.php\/wp-json\/wp\/v2\/pages\/145","targetHints":{"allow":["GET"]}}],"collection":[{"href":"https:\/\/www.avtsportif.fr\/index.php\/wp-json\/wp\/v2\/pages"}],"about":[{"href":"https:\/\/www.avtsportif.fr\/index.php\/wp-json\/wp\/v2\/types\/page"}],"author":[{"embeddable":true,"href":"https:\/\/www.avtsportif.fr\/index.php\/wp-json\/wp\/v2\/users\/1"}],"replies":[{"embeddable":true,"href":"https:\/\/www.avtsportif.fr\/index.php\/wp-json\/wp\/v2\/comments?post=145"}],"version-history":[{"count":7,"href":"https:\/\/www.avtsportif.fr\/index.php\/wp-json\/wp\/v2\/pages\/145\/revisions"}],"predecessor-version":[{"id":861,"href":"https:\/\/www.avtsportif.fr\/index.php\/wp-json\/wp\/v2\/pages\/145\/revisions\/861"}],"wp:attachment":[{"href":"https:\/\/www.avtsportif.fr\/index.php\/wp-json\/wp\/v2\/media?parent=145"}],"curies":[{"name":"wp","href":"https:\/\/api.w.org\/{rel}","templated":true}]}}