{"id":150,"date":"2022-02-14T19:00:25","date_gmt":"2022-02-14T18:00:25","guid":{"rendered":"https:\/\/www.avtsportif.fr\/?page_id=150"},"modified":"2022-10-05T13:55:47","modified_gmt":"2022-10-05T11:55:47","slug":"armes-anciennes","status":"publish","type":"page","link":"https:\/\/www.avtsportif.fr\/index.php\/armes-anciennes\/","title":{"rendered":"Armes Anciennes"},"content":{"rendered":"\n<p>Discipline mondiale pour les seniors, les dames et les juniors. Elle se tire sur des cibles C50 pour les distances de 25, 50 et 100 m\u00e8tres et sur des cibles C200 pour certaines disciplines \u00e0 50 m\u00e8tres. Le match dure 30 minutes pour 13 coups tir\u00e9s sur 2 cibles (7 et 6 impacts), les 10 meilleurs sont comptabilis\u00e9s. Il y a 2 cat\u00e9gories pour chaque discipline&nbsp;: armes d\u2019origine (cat\u00e9gorie 600) et armes r\u00e9pliques (cat\u00e9gorie 700)<\/p>\n\n\n\n<h2 class=\"wp-block-heading\" id=\"arme-de-poing-cible-fixe\">Arme de poing (cible fixe)<\/h2>\n\n\n\n<p>Le programme comporte 13 coups \u00e0 une distance de 25 m\u00e8tres ou 50 m\u00e8tres pour le Donald&nbsp;Malson. Les armes utilis\u00e9es sont des pistolets \u00e0 silex ou \u00e0 percussion (\u00e9preuves COMINAZZO et KUCHENREUTER), \u00e0 m\u00e8che (\u00e9preuve TANZUTZU), des revolvers \u00e0 percussion (\u00e9preuves COLT, MARIETTE et DONALD MALSON). Le tir s\u2019effectue sur des cibles C50.<\/p>\n\n\n\n<ul class=\"wp-block-list\"><li><strong>COMINAZZO<\/strong>&nbsp;Pistolet \u00e0 silex \u00e0 un coup (Origine 605 et r\u00e9plique 705), canon lisse.<\/li><li><strong>KUCHENREUTER<\/strong>&nbsp;Pistolet \u00e0 percussion \u00e0 un coup (Origine 606 et r\u00e9plique 706), canon ray\u00e9.<\/li><li><strong>COLT<\/strong>&nbsp;Revolver (barillet) \u00e0 percussion (Origine 607), canon ray\u00e9.<\/li><li><strong>MARIETTE<\/strong>&nbsp;Revolver (barillet) \u00e0 percussion (R\u00e9plique 712), canon ray\u00e9,<\/li><li><strong>DONALD MALSON<\/strong>&nbsp;Revolver (barillet) \u00e0 percussion (Origine 623 ou r\u00e9plique 723), canon ray\u00e9<\/li><li><strong>TANZUTZU<\/strong>&nbsp;Pistolet \u00e0 m\u00e8che \u00e0 un coup (Origine 628 et r\u00e9plique 728), canon lisse.<\/li><\/ul>\n\n\n\n<h2 class=\"wp-block-heading\" id=\"arme-d-epaule-cible-fixe\">Arme d&rsquo;\u00e9paule (cible fixe)<\/h2>\n\n\n\n<p>Les armes utilis\u00e9es sont des fusils ou des carabines \u00e0 canon lisse ou ray\u00e9, elles peuvent \u00eatre r\u00e9glementaires, civiles, \u00e0 percussion, \u00e0 silex ou \u00e0 m\u00e8che suivant les \u00e9preuves.<\/p>\n\n\n\n<p class=\"has-medium-font-size\"><u><strong>Distance 100 m\u00e8tres<\/strong><\/u><\/p>\n\n\n\n<ul class=\"wp-block-list\"><li><strong>MAXIMILIEN&nbsp;<\/strong>Fusil \u00e0 silex (Origine 602 ou r\u00e9plique 702), canon ray\u00e9, position \u00ab couch\u00e9e \u00bb, cible C50.<\/li><li><strong>MINIE&nbsp;<\/strong>Fusil \u00e0 percussion \u201cr\u00e9glementaire\u201d (Origine 603 ou r\u00e9plique 703), canon ray\u00e9 &#8211; calibre sup\u00e9rieure \u00e0 13,5 mm, position \u00ab couch\u00e9e \u00bb, cible C50.<\/li><li><strong>WHITWORTH&nbsp;<\/strong>Fusil \u00e0 percussion libre non qualifi\u00e9s pour l\u2019\u00e9preuve&nbsp;mini\u00e9&nbsp;(Origine 604 ou r\u00e9plique 704), canon ray\u00e9, position \u00ab couch\u00e9e \u00bb, cible C50.<\/li><li><strong>WALKYRIE&nbsp;<\/strong>Epreuve f\u00e9minine &#8211; Fusil \u00e0 percussion (Origine 608 ou r\u00e9plique 708), canon ray\u00e9, position \u00ab couch\u00e9e \u00bb, cible C50.<\/li><\/ul>\n\n\n\n<h2 class=\"has-medium-font-size wp-block-heading\" id=\"distance-50-metres\"><u>Distance 50 m\u00e8tres<\/u><\/h2>\n\n\n\n<ul class=\"wp-block-list\"><li><strong>MIQUELET&nbsp;<\/strong>Fusil r\u00e9glementaire (Origine 601 ou r\u00e9plique 701) \u00e0 silex, canon lisse, position \u00ab debout \u00bb, cible C200.<\/li><li><strong>TANEGASHIMA&nbsp;<\/strong>Fusil \u00e0 m\u00e8che, crosse de joue (Origine 614 ou r\u00e9plique 714), canon lisse, position \u00ab debout \u00bb, cible C200.<\/li><li><strong>VETTERLI&nbsp;<\/strong>Fusil libre \u00e0 m\u00e8che, silex ou percussion (Origine 615 ou r\u00e9plique 715), position \u00ab debout \u00bb, cible C50.<\/li><li><strong>HIZADAI&nbsp;<\/strong>Fusil \u00e0 m\u00e8che crosse de joue (Origine 616 ou r\u00e9plique 716), canon lisse, position \u00ab genou \u00bb, cible C200.<\/li><li><strong>PENNSYLVIANA&nbsp;<\/strong>Fusil \u00e0 silex (Origine 636 ou r\u00e9plique 736), canon ray\u00e9, position \u00ab debout \u00bb, cible C50.<\/li><li><strong>LAMARMORA&nbsp;<\/strong>Fusil \u00e0 percussion \u201cr\u00e9glementaire\u201d (Origine 637 ou r\u00e9plique 737), canon ray\u00e9 &#8211; calibre sup\u00e9rieure \u00e0 13,5 mm, position \u00ab debout \u00bb,&nbsp;&nbsp;cible C50.<\/li><\/ul>\n\n\n\n<h2 class=\"wp-block-heading\" id=\"arme-d-epaule-plateaux\">Arme d&rsquo;\u00e9paule (plateaux)<\/h2>\n\n\n\n<p>La comp\u00e9tition consiste en une \u00e9preuve de fosse simplifi\u00e9e, sur 25 plateaux d\u2019argile ;<\/p>\n\n\n\n<ul class=\"wp-block-list\"><li><strong>MANTON<\/strong>&nbsp;tir\u00e9e avec un fusil \u00e0 silex (Origine 621 ou r\u00e9plique 721),<\/li><li><strong>LORENZONI&nbsp;<\/strong>tir\u00e9e avec un fusil \u00e0 percussion (Origine 622 ou r\u00e9plique 722)<strong>&nbsp;<\/strong><\/li><\/ul>\n\n\n\n<p class=\"has-text-align-center\"><a href=\"https:\/\/www.avtsportif.fr\/wp-content\/uploads\/2022\/02\/Diaporama-MLAIC_2.pdf\" target=\"_blank\" rel=\"noreferrer noopener\"><mark style=\"background-color:#9adffd\" class=\"has-inline-color\">Tableau des diff\u00e9rentes disciplines armes anciennes<\/mark><\/a><\/p>\n\n\n\n<hr class=\"wp-block-separator has-css-opacity\"\/>\n\n\n\n<p class=\"has-text-align-right\">Retour vers <a href=\"https:\/\/www.avtsportif.fr\/index.php\/les-disciplines-pratiquees\/\" data-type=\"page\" data-id=\"116\">Les disciplines pratiqu\u00e9es<\/a><\/p>\n","protected":false},"excerpt":{"rendered":"<p>Discipline mondiale pour les seniors, les dames et les juniors. Elle se tire sur des cibles C50 pour les distances de 25, 50 et 100 m\u00e8tres et sur des cibles C200 pour certaines disciplines \u00e0 50 m\u00e8tres. Le match dure 30 minutes pour 13 coups tir\u00e9s sur 2 cibles (7 et 6 impacts), les 10 &hellip; <a href=\"https:\/\/www.avtsportif.fr\/index.php\/armes-anciennes\/\" class=\"more-link\">Continuer la lecture<span class=\"screen-reader-text\"> de &laquo;&nbsp;Armes Anciennes&nbsp;&raquo;<\/span><\/a><\/p>\n","protected":false},"author":1,"featured_media":0,"parent":0,"menu_order":0,"comment_status":"closed","ping_status":"closed","template":"","meta":{"ngg_post_thumbnail":0,"footnotes":""},"class_list":["post-150","page","type-page","status-publish","hentry"],"_links":{"self":[{"href":"https:\/\/www.avtsportif.fr\/index.php\/wp-json\/wp\/v2\/pages\/150","targetHints":{"allow":["GET"]}}],"collection":[{"href":"https:\/\/www.avtsportif.fr\/index.php\/wp-json\/wp\/v2\/pages"}],"about":[{"href":"https:\/\/www.avtsportif.fr\/index.php\/wp-json\/wp\/v2\/types\/page"}],"author":[{"embeddable":true,"href":"https:\/\/www.avtsportif.fr\/index.php\/wp-json\/wp\/v2\/users\/1"}],"replies":[{"embeddable":true,"href":"https:\/\/www.avtsportif.fr\/index.php\/wp-json\/wp\/v2\/comments?post=150"}],"version-history":[{"count":3,"href":"https:\/\/www.avtsportif.fr\/index.php\/wp-json\/wp\/v2\/pages\/150\/revisions"}],"predecessor-version":[{"id":834,"href":"https:\/\/www.avtsportif.fr\/index.php\/wp-json\/wp\/v2\/pages\/150\/revisions\/834"}],"wp:attachment":[{"href":"https:\/\/www.avtsportif.fr\/index.php\/wp-json\/wp\/v2\/media?parent=150"}],"curies":[{"name":"wp","href":"https:\/\/api.w.org\/{rel}","templated":true}]}}