{"id":169,"date":"2022-02-14T19:38:59","date_gmt":"2022-02-14T18:38:59","guid":{"rendered":"https:\/\/www.avtsportif.fr\/?page_id=169"},"modified":"2025-11-03T16:47:52","modified_gmt":"2025-11-03T15:47:52","slug":"le-bureau","status":"publish","type":"page","link":"https:\/\/www.avtsportif.fr\/index.php\/le-bureau\/","title":{"rendered":"Le Bureau"},"content":{"rendered":"\n<figure class=\"wp-block-table\"><table><tbody><tr><td><strong>Pr\u00e9sident<\/strong><\/td><td><em>Michel GUILHAMET<\/em><\/td><\/tr><tr><td><strong>Vice-Pr\u00e9sident<\/strong><\/td><td><em>Yves ROUSSE<\/em><\/td><\/tr><tr><td><strong>Secr\u00e9taire<\/strong><\/td><td><em>Eric DUROI<\/em><\/td><\/tr><tr><td><strong>Secr\u00e9taire Adjoint<\/strong><\/td><td><em>Christophe SEIGNEURY<\/em><\/td><\/tr><tr><td><strong>Tr\u00e9sorier<\/strong><\/td><td><em>Yves ROUSSE<\/em><\/td><\/tr><tr><td><strong>Tr\u00e9sorier Adjoint<\/strong><\/td><td><em>Xavier FERAUD<\/em><\/td><\/tr><tr><td><strong>Membres du comit\u00e9 directeur<\/strong><\/td><td><em>St\u00e9phane CASTELLI<\/em><br><em>Vincent DESGRANGES<\/em><br><em>Pascal FOURRE<\/em><br><em>Philippe GOURDON<\/em><br><em>Olivier LAURENT<br>Jean Luc JACOTEZ<\/em><br><em>Christine ROLLET<\/em><br><em>Christophe THEVENOT<\/em><\/td><\/tr><tr><td><strong>Animateurs de Club (dipl\u00f4m\u00e9s)<\/strong><\/td><td><em>Michel GUILHAMET<\/em><br><em>Yves ROUSSE<\/em><\/td><\/tr><tr><td><strong>Initiateurs de Club (dipl\u00f4m\u00e9s)<\/strong><\/td><td><em>Laurent GACHE<\/em><br><em>Robert LERAY<\/em><br><em>Jean Luc MARTINET<\/em><br><em>Christine ROLLET<\/em><br><em>Christophe THEVENOT<\/em><\/td><\/tr><tr><td><strong>Encadrement Ecole de Tir (Comp\u00e9titions)<\/strong> <br><strong>Encadrement Cadets et Juniors<\/strong><\/td><td><em>Christine ROLLET<\/em><br><em>Olivier LAURENT<\/em><\/td><\/tr><tr><td><strong>Brevet F\u00e9d\u00e9ral 1<sup>er<\/sup>&nbsp;degr\u00e9<\/strong><\/td><td><em>Annie ANICHINI<\/em><br><em>Pascal FOURRE<\/em><br><em>Olivier LAURENT<\/em><\/td><\/tr><tr><td><strong>Arbitre R\u00e9gional<\/strong><\/td><td><em>Jean Luc MARTINET<\/em><\/td><\/tr><tr><td><strong>Arbitre stagiaire<\/strong><\/td><td><em>Yves ROUSSE<\/em><\/td><\/tr><\/tbody><\/table><\/figure>\n","protected":false},"excerpt":{"rendered":"<p>Pr\u00e9sident Michel GUILHAMET Vice-Pr\u00e9sident Yves ROUSSE Secr\u00e9taire Eric DUROI Secr\u00e9taire Adjoint Christophe SEIGNEURY Tr\u00e9sorier Yves ROUSSE Tr\u00e9sorier Adjoint Xavier FERAUD Membres du comit\u00e9 directeur St\u00e9phane CASTELLIVincent DESGRANGESPascal FOURREPhilippe GOURDONOlivier LAURENTJean Luc JACOTEZChristine ROLLETChristophe THEVENOT Animateurs de Club (dipl\u00f4m\u00e9s) Michel GUILHAMETYves ROUSSE Initiateurs de Club (dipl\u00f4m\u00e9s) Laurent GACHERobert LERAYJean Luc MARTINETChristine ROLLETChristophe THEVENOT Encadrement Ecole de &hellip; <a href=\"https:\/\/www.avtsportif.fr\/index.php\/le-bureau\/\" class=\"more-link\">Continuer la lecture<span class=\"screen-reader-text\"> de &laquo;&nbsp;Le Bureau&nbsp;&raquo;<\/span><\/a><\/p>\n","protected":false},"author":1,"featured_media":0,"parent":0,"menu_order":0,"comment_status":"closed","ping_status":"closed","template":"","meta":{"ngg_post_thumbnail":0,"footnotes":""},"class_list":["post-169","page","type-page","status-publish","hentry"],"_links":{"self":[{"href":"https:\/\/www.avtsportif.fr\/index.php\/wp-json\/wp\/v2\/pages\/169","targetHints":{"allow":["GET"]}}],"collection":[{"href":"https:\/\/www.avtsportif.fr\/index.php\/wp-json\/wp\/v2\/pages"}],"about":[{"href":"https:\/\/www.avtsportif.fr\/index.php\/wp-json\/wp\/v2\/types\/page"}],"author":[{"embeddable":true,"href":"https:\/\/www.avtsportif.fr\/index.php\/wp-json\/wp\/v2\/users\/1"}],"replies":[{"embeddable":true,"href":"https:\/\/www.avtsportif.fr\/index.php\/wp-json\/wp\/v2\/comments?post=169"}],"version-history":[{"count":6,"href":"https:\/\/www.avtsportif.fr\/index.php\/wp-json\/wp\/v2\/pages\/169\/revisions"}],"predecessor-version":[{"id":1583,"href":"https:\/\/www.avtsportif.fr\/index.php\/wp-json\/wp\/v2\/pages\/169\/revisions\/1583"}],"wp:attachment":[{"href":"https:\/\/www.avtsportif.fr\/index.php\/wp-json\/wp\/v2\/media?parent=169"}],"curies":[{"name":"wp","href":"https:\/\/api.w.org\/{rel}","templated":true}]}}