{"id":180,"date":"2022-02-14T19:55:36","date_gmt":"2022-02-14T18:55:36","guid":{"rendered":"https:\/\/www.avtsportif.fr\/?page_id=180"},"modified":"2022-02-14T23:22:10","modified_gmt":"2022-02-14T22:22:10","slug":"phototheque","status":"publish","type":"page","link":"https:\/\/www.avtsportif.fr\/index.php\/phototheque\/","title":{"rendered":"Phototh\u00e8que 2020"},"content":{"rendered":"\n<h2 class=\"wp-block-heading\" id=\"championnat-de-france-de-tir-a-10m\">Championnat de France de Tir \u00e0 10m<\/h2>\n\n\n\nngg_shortcode_0_placeholder\n\n\n\n<h2 class=\"wp-block-heading\" id=\"circuit-ecole-de-tir-concours-de-pro-patria-montesson\">Circuit Ecole de Tir \u2013 Concours de Pro Patria Montesson<\/h2>\n\n\n\nngg_shortcode_1_placeholder\n\n\n\n<h2 class=\"wp-block-heading\" id=\"championnat-regional-des-clubs-10m\">Championnat R\u00e9gional des Clubs 10m<\/h2>\n\n\n\nngg_shortcode_2_placeholder\n\n\n\n<h2 class=\"wp-block-heading\" id=\"criterium-departemental-ecole-de-tir\">Crit\u00e9rium D\u00e9partemental Ecole de Tir<\/h2>\n\n\n\nngg_shortcode_3_placeholder\n\n\n\n<h2 class=\"wp-block-heading\" id=\"circuit-ecole-de-tir-concours-de-l-esperance-du-perray\">Circuit Ecole de Tir \u2013 Concours de l\u2019Esp\u00e9rance du Perray<\/h2>\n\n\n\nngg_shortcode_4_placeholder\n\n\n\n<h2 class=\"wp-block-heading\" id=\"championnats-regionaux-10m\">Championnats R\u00e9gionaux 10m<\/h2>\n\n\n\nngg_shortcode_5_placeholder\n\n\n\n<h2 class=\"wp-block-heading\" id=\"championnat-departemental-des-clubs-ecole-de-tir-et-adultes\">Championnat D\u00e9partemental des Clubs Ecole de Tir et adultes<\/h2>\n\n\n\nngg_shortcode_6_placeholder\n\n\n\n<h2 class=\"wp-block-heading\" id=\"circuit-ile-de-france-10m-concours-de-voisins-le-bretonneux\">Circuit Ile de France 10m \u2013 Concours de Voisins le Bretonneux<\/h2>\n\n\n\nngg_shortcode_7_placeholder\n","protected":false},"excerpt":{"rendered":"<p>Championnat de France de Tir \u00e0 10m Circuit Ecole de Tir \u2013 Concours de Pro Patria Montesson Championnat R\u00e9gional des Clubs 10m Crit\u00e9rium D\u00e9partemental Ecole de Tir Circuit Ecole de Tir \u2013 Concours de l\u2019Esp\u00e9rance du Perray Championnats R\u00e9gionaux 10m Championnat D\u00e9partemental des Clubs Ecole de Tir et adultes Circuit Ile de France 10m \u2013 &hellip; <a href=\"https:\/\/www.avtsportif.fr\/index.php\/phototheque\/\" class=\"more-link\">Continuer la lecture<span class=\"screen-reader-text\"> de &laquo;&nbsp;Phototh\u00e8que 2020&nbsp;&raquo;<\/span><\/a><\/p>\n","protected":false},"author":1,"featured_media":0,"parent":0,"menu_order":0,"comment_status":"closed","ping_status":"closed","template":"","meta":{"ngg_post_thumbnail":0,"footnotes":""},"class_list":["post-180","page","type-page","status-publish","hentry"],"_links":{"self":[{"href":"https:\/\/www.avtsportif.fr\/index.php\/wp-json\/wp\/v2\/pages\/180","targetHints":{"allow":["GET"]}}],"collection":[{"href":"https:\/\/www.avtsportif.fr\/index.php\/wp-json\/wp\/v2\/pages"}],"about":[{"href":"https:\/\/www.avtsportif.fr\/index.php\/wp-json\/wp\/v2\/types\/page"}],"author":[{"embeddable":true,"href":"https:\/\/www.avtsportif.fr\/index.php\/wp-json\/wp\/v2\/users\/1"}],"replies":[{"embeddable":true,"href":"https:\/\/www.avtsportif.fr\/index.php\/wp-json\/wp\/v2\/comments?post=180"}],"version-history":[{"count":13,"href":"https:\/\/www.avtsportif.fr\/index.php\/wp-json\/wp\/v2\/pages\/180\/revisions"}],"predecessor-version":[{"id":637,"href":"https:\/\/www.avtsportif.fr\/index.php\/wp-json\/wp\/v2\/pages\/180\/revisions\/637"}],"wp:attachment":[{"href":"https:\/\/www.avtsportif.fr\/index.php\/wp-json\/wp\/v2\/media?parent=180"}],"curies":[{"name":"wp","href":"https:\/\/api.w.org\/{rel}","templated":true}]}}