{"id":225,"date":"2022-02-14T22:22:54","date_gmt":"2022-02-14T21:22:54","guid":{"rendered":"https:\/\/www.avtsportif.fr\/?page_id=225"},"modified":"2022-04-11T15:32:05","modified_gmt":"2022-04-11T13:32:05","slug":"liens-utiles","status":"publish","type":"page","link":"https:\/\/www.avtsportif.fr\/index.php\/liens-utiles\/","title":{"rendered":"Liens utiles"},"content":{"rendered":"\n<h2 class=\"wp-block-heading\" id=\"les-sites-web-de-reference\">Les sites web de r\u00e9f\u00e9rence<\/h2>\n\n\n\n<p>Cette page est en cours de construction : certains liens ne sont pas encore op\u00e9rationnels ou non mis \u00e0 jour.<\/p>\n\n\n\n<figure class=\"wp-block-table\"><table><tbody><tr><td class=\"has-text-align-left\" data-align=\"left\"><strong>Titre<\/strong><\/td><td class=\"has-text-align-center\" data-align=\"center\"><strong>Lien<\/strong><\/td><\/tr><tr><td class=\"has-text-align-left\" data-align=\"left\"><strong>F\u00e9d\u00e9rations<\/strong><\/td><td class=\"has-text-align-center\" data-align=\"center\"><\/td><\/tr><tr><td class=\"has-text-align-left\" data-align=\"left\">F\u00e9d\u00e9ration Fran\u00e7aise de Tir<\/td><td class=\"has-text-align-center\" data-align=\"center\"><a href=\"https:\/\/www.fftir.org\/\" target=\"_blank\" rel=\"noreferrer noopener\"><img loading=\"lazy\" decoding=\"async\" width=\"150\" height=\"74\" class=\"wp-image-226\" style=\"width: 150px;\" src=\"https:\/\/www.avtsportif.fr\/wp-content\/uploads\/2022\/02\/logo-fftir.png\" alt=\"\" srcset=\"https:\/\/www.avtsportif.fr\/wp-content\/uploads\/2022\/02\/logo-fftir.png 942w, https:\/\/www.avtsportif.fr\/wp-content\/uploads\/2022\/02\/logo-fftir-300x148.png 300w, https:\/\/www.avtsportif.fr\/wp-content\/uploads\/2022\/02\/logo-fftir-768x380.png 768w\" sizes=\"auto, (max-width: 150px) 85vw, 150px\" \/><\/a><\/td><\/tr><tr><td class=\"has-text-align-left\" data-align=\"left\"><strong>Comit\u00e9s d\u00e9partementaux<\/strong><\/td><td class=\"has-text-align-center\" data-align=\"center\"><\/td><\/tr><tr><td class=\"has-text-align-left\" data-align=\"left\">Seine (75)<\/td><td class=\"has-text-align-center\" data-align=\"center\"><a href=\"http:\/\/www.comite-departemental-tir-paris.com\/\" target=\"_blank\" rel=\"noreferrer noopener\"><img loading=\"lazy\" decoding=\"async\" width=\"150\" height=\"136\" class=\"wp-image-726\" style=\"width: 150px;\" src=\"https:\/\/www.avtsportif.fr\/wp-content\/uploads\/2022\/04\/comite_departemental_de_tir_de_paris_off_r1_c1.gif\" alt=\"\"><\/a><\/td><\/tr><tr><td class=\"has-text-align-left\" data-align=\"left\">Seine et Marne (77)<\/td><td class=\"has-text-align-center\" data-align=\"center\"><a href=\"https:\/\/www.cdtir77.fr\" target=\"_blank\" rel=\"noreferrer noopener\"><img loading=\"lazy\" decoding=\"async\" width=\"150\" height=\"151\" class=\"wp-image-729\" style=\"width: 150px;\" src=\"https:\/\/www.avtsportif.fr\/wp-content\/uploads\/2022\/04\/Logo-rond-CDTir-77-924297e0.webp\" alt=\"\"><\/a><\/td><\/tr><tr><td class=\"has-text-align-left\" data-align=\"left\">Essonne (91)<\/td><td class=\"has-text-align-center\" data-align=\"center\"><a href=\"http:\/\/www.cdtiressonne.fr\/\" target=\"_blank\" rel=\"noreferrer noopener\"><img loading=\"lazy\" decoding=\"async\" width=\"150\" height=\"188\" class=\"wp-image-733\" style=\"width: 150px;\" src=\"https:\/\/www.avtsportif.fr\/wp-content\/uploads\/2022\/04\/CDT91_TIR_logo.png\" alt=\"\"><\/a><\/td><\/tr><tr><td class=\"has-text-align-left\" data-align=\"left\">Hauts de Seine (92)<\/td><td class=\"has-text-align-center\" data-align=\"center\"><a href=\"https:\/\/sites.google.com\/site\/cdtdu92\/\" target=\"_blank\" rel=\"noreferrer noopener\"><img loading=\"lazy\" decoding=\"async\" width=\"150\" height=\"150\" class=\"wp-image-746\" style=\"width: 150px;\" src=\"https:\/\/www.avtsportif.fr\/wp-content\/uploads\/2022\/04\/CdT-92-logo.png\" alt=\"\" srcset=\"https:\/\/www.avtsportif.fr\/wp-content\/uploads\/2022\/04\/CdT-92-logo.png 233w, https:\/\/www.avtsportif.fr\/wp-content\/uploads\/2022\/04\/CdT-92-logo-150x150.png 150w\" sizes=\"auto, (max-width: 150px) 85vw, 150px\" \/><\/a><\/td><\/tr><tr><td class=\"has-text-align-left\" data-align=\"left\">Seine Saint Denis (93)<\/td><td class=\"has-text-align-center\" data-align=\"center\"><a href=\"https:\/\/www.cdtir93.fr\/\" target=\"_blank\" rel=\"noreferrer noopener\"><img loading=\"lazy\" decoding=\"async\" width=\"150\" height=\"148\" class=\"wp-image-727\" style=\"width: 150px;\" src=\"https:\/\/www.avtsportif.fr\/wp-content\/uploads\/2022\/04\/logo.jpg\" alt=\"\"><\/a><\/td><\/tr><tr><td class=\"has-text-align-left\" data-align=\"left\">Val de Marne (94)<\/td><td class=\"has-text-align-center\" data-align=\"center\"><a href=\"http:\/\/www.cdtir94.fr\" target=\"_blank\" rel=\"noreferrer noopener\"><img loading=\"lazy\" decoding=\"async\" width=\"150\" height=\"180\" class=\"wp-image-732\" style=\"width: 150px;\" src=\"https:\/\/www.avtsportif.fr\/wp-content\/uploads\/2022\/04\/CDT94_Logo94-2015bisV2.png\" alt=\"\"><\/a><\/td><\/tr><tr><td class=\"has-text-align-left\" data-align=\"left\">Val d&rsquo;Oise (95)<\/td><td class=\"has-text-align-center\" data-align=\"center\"><a href=\"http:\/\/www.cdtir95.fr\" target=\"_blank\" rel=\"noreferrer noopener\"><img loading=\"lazy\" decoding=\"async\" width=\"150\" height=\"40\" class=\"wp-image-767\" style=\"width: 150px;\" src=\"https:\/\/www.avtsportif.fr\/wp-content\/uploads\/2022\/04\/Logo_CDT95.png\" alt=\"\" srcset=\"https:\/\/www.avtsportif.fr\/wp-content\/uploads\/2022\/04\/Logo_CDT95.png 346w, https:\/\/www.avtsportif.fr\/wp-content\/uploads\/2022\/04\/Logo_CDT95-300x81.png 300w\" sizes=\"auto, (max-width: 150px) 85vw, 150px\" \/><\/a><\/td><\/tr><tr><td class=\"has-text-align-left\" data-align=\"left\"><strong>Le tir en Ile de France<\/strong><\/td><td class=\"has-text-align-center\" data-align=\"center\"><\/td><\/tr><tr><td class=\"has-text-align-left\" data-align=\"left\">Tir National de Versailles<\/td><td class=\"has-text-align-center\" data-align=\"center\"><a href=\"https:\/\/tir-national-de-versailles.fr\/\" target=\"_blank\" rel=\"noreferrer noopener\"><img loading=\"lazy\" decoding=\"async\" width=\"150\" height=\"148\" class=\"wp-image-231\" style=\"width: 150px;\" src=\"https:\/\/www.avtsportif.fr\/wp-content\/uploads\/2022\/02\/logo-tnv-new.png\" alt=\"\"><\/a><\/td><\/tr><tr><td class=\"has-text-align-left\" data-align=\"left\">Armurerie de la Bourse (75002)<\/td><td class=\"has-text-align-center\" data-align=\"center\"><a href=\"https:\/\/www.armureriedelabourse.com\/\" target=\"_blank\" rel=\"noreferrer noopener\"><img loading=\"lazy\" decoding=\"async\" width=\"150\" height=\"126\" class=\"wp-image-760\" style=\"width: 150px;\" src=\"https:\/\/www.avtsportif.fr\/wp-content\/uploads\/2022\/04\/armurerie-de-la-bourse-logo.jpg\" alt=\"\" srcset=\"https:\/\/www.avtsportif.fr\/wp-content\/uploads\/2022\/04\/armurerie-de-la-bourse-logo.jpg 360w, https:\/\/www.avtsportif.fr\/wp-content\/uploads\/2022\/04\/armurerie-de-la-bourse-logo-300x252.jpg 300w\" sizes=\"auto, (max-width: 150px) 85vw, 150px\" \/><\/a><\/td><\/tr><tr><td class=\"has-text-align-left\" data-align=\"left\">Tir 1000 (75012)<\/td><td class=\"has-text-align-center\" data-align=\"center\"><a href=\"https:\/\/www.tirmille.fr\/index.php\" target=\"_blank\" rel=\"noreferrer noopener\"><img loading=\"lazy\" decoding=\"async\" width=\"150\" height=\"150\" class=\"wp-image-761\" style=\"width: 150px;\" src=\"https:\/\/www.avtsportif.fr\/wp-content\/uploads\/2022\/04\/TIR1000_principal-logo-1624895474.png\" alt=\"\" srcset=\"https:\/\/www.avtsportif.fr\/wp-content\/uploads\/2022\/04\/TIR1000_principal-logo-1624895474.png 250w, https:\/\/www.avtsportif.fr\/wp-content\/uploads\/2022\/04\/TIR1000_principal-logo-1624895474-150x150.png 150w\" sizes=\"auto, (max-width: 150px) 85vw, 150px\" \/><\/a><\/td><\/tr><tr><td class=\"has-text-align-left\" data-align=\"left\">FMR \u00e0 Pantin (93500)<\/td><td class=\"has-text-align-center\" data-align=\"center\"><a href=\"https:\/\/armurerie-fmr.fr\/\" target=\"_blank\" rel=\"noreferrer noopener\"><img loading=\"lazy\" decoding=\"async\" width=\"150\" height=\"68\" class=\"wp-image-762\" style=\"width: 150px;\" src=\"https:\/\/www.avtsportif.fr\/wp-content\/uploads\/2022\/04\/armurerie-fmr-logo-1609680800-scaled.jpg\" alt=\"\" srcset=\"https:\/\/www.avtsportif.fr\/wp-content\/uploads\/2022\/04\/armurerie-fmr-logo-1609680800-scaled.jpg 2560w, https:\/\/www.avtsportif.fr\/wp-content\/uploads\/2022\/04\/armurerie-fmr-logo-1609680800-300x136.jpg 300w, https:\/\/www.avtsportif.fr\/wp-content\/uploads\/2022\/04\/armurerie-fmr-logo-1609680800-1024x463.jpg 1024w, https:\/\/www.avtsportif.fr\/wp-content\/uploads\/2022\/04\/armurerie-fmr-logo-1609680800-768x347.jpg 768w, https:\/\/www.avtsportif.fr\/wp-content\/uploads\/2022\/04\/armurerie-fmr-logo-1609680800-1536x694.jpg 1536w, https:\/\/www.avtsportif.fr\/wp-content\/uploads\/2022\/04\/armurerie-fmr-logo-1609680800-2048x925.jpg 2048w, https:\/\/www.avtsportif.fr\/wp-content\/uploads\/2022\/04\/armurerie-fmr-logo-1609680800-1200x542.jpg 1200w\" sizes=\"auto, (max-width: 150px) 85vw, 150px\" \/><\/a><\/td><\/tr><tr><td class=\"has-text-align-left\" data-align=\"left\"><strong>Le tir en France<\/strong><\/td><td class=\"has-text-align-center\" data-align=\"center\"><\/td><\/tr><tr><td class=\"has-text-align-left\" data-align=\"left\">Francs Tireurs Art\u00e9siens<\/td><td class=\"has-text-align-center\" data-align=\"center\"><a href=\"https:\/\/ftabully.fr\/\" target=\"_blank\" rel=\"noreferrer noopener\"><img loading=\"lazy\" decoding=\"async\" width=\"100\" height=\"90\" class=\"wp-image-235\" style=\"width: 100px;\" src=\"https:\/\/www.avtsportif.fr\/wp-content\/uploads\/2022\/02\/ftabully.png\" alt=\"\"><\/a><\/td><\/tr><tr><td class=\"has-text-align-left\" data-align=\"left\">Tir Sportif Mulhousien<\/td><td class=\"has-text-align-center\" data-align=\"center\"><a href=\"http:\/\/www.tsmulhousien.fr\/\" target=\"_blank\" rel=\"noreferrer noopener\"><img loading=\"lazy\" decoding=\"async\" width=\"100\" height=\"100\" class=\"wp-image-236\" style=\"width: 100px;\" src=\"https:\/\/www.avtsportif.fr\/wp-content\/uploads\/2022\/02\/logo-tsm-1892-15cm.jpg\" alt=\"\" srcset=\"https:\/\/www.avtsportif.fr\/wp-content\/uploads\/2022\/02\/logo-tsm-1892-15cm.jpg 180w, https:\/\/www.avtsportif.fr\/wp-content\/uploads\/2022\/02\/logo-tsm-1892-15cm-150x150.jpg 150w\" sizes=\"auto, (max-width: 100px) 85vw, 100px\" \/><\/a><\/td><\/tr><tr><td class=\"has-text-align-left\" data-align=\"left\">Soci\u00e9t\u00e9 de Tir de Montpellier<\/td><td class=\"has-text-align-center\" data-align=\"center\"><a href=\"https:\/\/www.societe-tir-montpellier.fr\/\" target=\"_blank\" rel=\"noreferrer noopener\"><img loading=\"lazy\" decoding=\"async\" width=\"100\" height=\"106\" class=\"wp-image-238\" style=\"width: 100px;\" src=\"https:\/\/www.avtsportif.fr\/wp-content\/uploads\/2022\/02\/logoSocieteTirMontpellier.png\" alt=\"\"><\/a><\/td><\/tr><tr><td class=\"has-text-align-left\" data-align=\"left\">Ligue de Normandie<\/td><td class=\"has-text-align-center\" data-align=\"center\"><a href=\"http:\/\/normandie-tir.net\/\" target=\"_blank\" rel=\"noreferrer noopener\"><img loading=\"lazy\" decoding=\"async\" width=\"100\" height=\"107\" class=\"wp-image-239\" style=\"width: 100px;\" src=\"https:\/\/www.avtsportif.fr\/wp-content\/uploads\/2022\/02\/logo_normandie_mini6.jpg\" alt=\"\"><\/a><\/td><\/tr><tr><td class=\"has-text-align-left\" data-align=\"left\">Stade Niortais Tir<\/td><td class=\"has-text-align-center\" data-align=\"center\"><a href=\"https:\/\/www.sntir79.fr\/\" target=\"_blank\" rel=\"noreferrer noopener\"><img loading=\"lazy\" decoding=\"async\" width=\"100\" height=\"68\" class=\"wp-image-240\" style=\"width: 100px;\" src=\"https:\/\/www.avtsportif.fr\/wp-content\/uploads\/2022\/02\/sntir79.jpg\" alt=\"\" srcset=\"https:\/\/www.avtsportif.fr\/wp-content\/uploads\/2022\/02\/sntir79.jpg 710w, https:\/\/www.avtsportif.fr\/wp-content\/uploads\/2022\/02\/sntir79-300x203.jpg 300w\" sizes=\"auto, (max-width: 100px) 85vw, 100px\" \/><\/a><\/td><\/tr><tr><td class=\"has-text-align-left\" data-align=\"left\">Tir Sportif<br>Beaulieu Emblavez<\/td><td class=\"has-text-align-center\" data-align=\"center\"><a href=\"https:\/\/www.tsbe.fr\/\" target=\"_blank\" rel=\"noreferrer noopener\"><img loading=\"lazy\" decoding=\"async\" width=\"100\" height=\"57\" class=\"wp-image-241\" style=\"width: 100px;\" src=\"https:\/\/www.avtsportif.fr\/wp-content\/uploads\/2022\/02\/logo-tsbe_nb2.png\" alt=\"\" srcset=\"https:\/\/www.avtsportif.fr\/wp-content\/uploads\/2022\/02\/logo-tsbe_nb2.png 500w, https:\/\/www.avtsportif.fr\/wp-content\/uploads\/2022\/02\/logo-tsbe_nb2-300x170.png 300w\" sizes=\"auto, (max-width: 100px) 85vw, 100px\" \/><\/a><\/td><\/tr><tr><td class=\"has-text-align-left\" data-align=\"left\">Club de Tir<br>des Cadres Militaires<br>de R\u00e9serve<\/td><td class=\"has-text-align-center\" data-align=\"center\"><a href=\"http:\/\/www.ctcmr.org\/\" target=\"_blank\" rel=\"noreferrer noopener\"><img loading=\"lazy\" decoding=\"async\" width=\"100\" height=\"101\" class=\"wp-image-242\" style=\"width: 100px;\" src=\"https:\/\/www.avtsportif.fr\/wp-content\/uploads\/2022\/02\/logo_ctcmr.gif\" alt=\"\"><\/a><\/td><\/tr><tr><td class=\"has-text-align-left\" data-align=\"left\">Cercle Saint-G\u00e9rard Bischoffsheim<\/td><td class=\"has-text-align-center\" data-align=\"center\"><a href=\"http:\/\/tir.bischo.pagesperso-orange.fr\/\" target=\"_blank\" rel=\"noreferrer noopener\"><img loading=\"lazy\" decoding=\"async\" width=\"100\" height=\"99\" class=\"wp-image-243\" style=\"width: 100px;\" src=\"https:\/\/www.avtsportif.fr\/wp-content\/uploads\/2022\/02\/cerclesaintgerardbischoffsheim.jpg\" alt=\"\"><\/a><\/td><\/tr><tr><td class=\"has-text-align-left\" data-align=\"left\">&nbsp;Ligue de Guadeloupe<br><a rel=\"noreferrer noopener\" href=\"http:\/\/perso.wanadoo.fr\/ligue.tir.gpe\" target=\"_blank\"><\/a><\/td><td class=\"has-text-align-center\" data-align=\"center\"><a href=\"https:\/\/www.liguedetirguadeloupe.com\/\" target=\"_blank\" rel=\"noreferrer noopener\"><img loading=\"lazy\" decoding=\"async\" width=\"100\" height=\"75\" class=\"wp-image-244\" style=\"width: 100px;\" src=\"https:\/\/www.avtsportif.fr\/wp-content\/uploads\/2022\/02\/ligueguadeloupe.png\" alt=\"\"><\/a><\/td><\/tr><\/tbody><\/table><\/figure>\n\n\n\n<h2 class=\"wp-block-heading\" id=\"rechargement\">Rechargement<\/h2>\n\n\n\n<figure class=\"wp-block-table\"><table><tbody><tr><td><a href=\"http:\/\/www.corbins.com\/\"><u>Corbin (swaging)<\/u><\/a><\/td><\/tr><tr><td><a href=\"http:\/\/www.huntingtons.com\/\"><u>Huntington (R.C.B.S.)<\/u><\/a><\/td><\/tr><tr><td><a href=\"http:\/\/www.leeprecision.com\/\"><u>LEE<\/u><\/a><\/td><\/tr><tr><td><a href=\"http:\/\/www.lymanproducts.com\/\"><u>Lyman<\/u><\/a><\/td><\/tr><tr><td><a href=\"http:\/\/www.jt-bullet-moulds.co.uk\/\"><u>Moules \u00e0 balles Jeff Tanner<\/u><\/a><\/td><\/tr><tr><td><a href=\"http:\/\/www.blackpowderspg.com\/\"><u>S.P.G.<\/u><\/a><\/td><\/tr><\/tbody><\/table><\/figure>\n\n\n\n<h2 class=\"wp-block-heading\" id=\"fabricants\">Fabricants<\/h2>\n\n\n\n<figure class=\"wp-block-table\"><table><tbody><tr><td><a href=\"http:\/\/www.browning.com\/\"><u>Browning<\/u><\/a><\/td><\/tr><tr><td><a href=\"http:\/\/www.csharpsarms.com\/\"><u>C. Sharps Arms Co.- Montana&nbsp;Armory<\/u><\/a><\/td><\/tr><tr><td><a href=\"http:\/\/www.cparifles.com\/\"><u>CPA Corporation (copies de Stevens)<\/u><\/a><\/td><\/tr><tr><td><a href=\"http:\/\/www.davide-pedersoli.com\/\"><u>Davide&nbsp;Pedersoli<\/u><\/a><\/td><\/tr><tr><td><a href=\"http:\/\/www.feinwerkbau.de\/\"><u>Feinwerkbau&nbsp;Sportwaffen<\/u><\/a><\/td><\/tr><tr><td><a href=\"http:\/\/www.girocible.fr\/\"><u>Girocible<\/u><\/a><\/td><\/tr><tr><td><a href=\"http:\/\/www.heckler-koch.de\/\"><u>Hekler&nbsp;&amp; Koch<\/u><\/a><\/td><\/tr><tr><td><a href=\"http:\/\/www.hege-arms.com\/\"><u>Hege<\/u><\/a><\/td><\/tr><tr><td><a href=\"http:\/\/www.flintlocks.com\/\"><u>Jim&nbsp;Chambers&nbsp;Ltd&nbsp;(copies&nbsp;de&nbsp;Kentuckys)<\/u><\/a><\/td><\/tr><tr><td><a href=\"http:\/\/www.korthwaffen.de\/\"><u>Korth-Waffen<\/u><\/a><\/td><\/tr><tr><td><a href=\"http:\/\/www.knobloch-schiessbrillen.de\/\"><u>Knobloch&nbsp;Schiessbrillen<\/u><\/a><\/td><\/tr><tr><td><a href=\"http:\/\/www.lapua.com\/\"><u>Lapua<\/u><\/a><\/td><\/tr><tr><td><a href=\"http:\/\/www.leu-helfenstein.ch\/\"><u>Leu &amp;&nbsp;Helfenstein<\/u><\/a><\/td><\/tr><tr><td><a href=\"http:\/\/www.riflebarrels.com\/\"><u>Lilja<\/u><\/a><\/td><\/tr><tr><td><a href=\"http:\/\/www.lothar-walther.de\/\"><u>Lothar-Walther<\/u><\/a><\/td><\/tr><tr><td><a href=\"http:\/\/www.meachamrifles.com\/\"><u>Meacham&nbsp;Highwall&nbsp;Rifles<\/u><\/a><\/td><\/tr><tr><td><a href=\"http:\/\/www.montanavintagearms.com\/\"><u>Montana Vintage Arms<\/u><\/a><\/td><\/tr><tr><td><a href=\"http:\/\/www.navyarms.com\/\"><u>Navy&nbsp;arms<\/u><\/a><\/td><\/tr><tr><td><a href=\"http:\/\/www.nill-griffe.com\/\"><u>Nill-Grips<\/u><\/a><\/td><\/tr><tr><td><a href=\"http:\/\/www.pietta.it\/\"><u>Pietta<\/u><\/a><\/td><\/tr><tr><td><a href=\"http:\/\/www.smithenterprise.com\/\"><u>Smithenterprise<\/u><\/a><\/td><\/tr><tr><td><a href=\"http:\/\/www.feinwerkbau.de\/\"><u>Sportwaffen&nbsp;Feinwerkbau<\/u><\/a><\/td><\/tr><tr><td><a href=\"http:\/\/www.tesro.de\/\"><u>Tesro&nbsp;Sportwaffen&nbsp;GmbH<\/u><\/a><\/td><\/tr><tr><td><a href=\"http:\/\/www.uberti.com\/\"><u>Uberti<\/u><\/a><\/td><\/tr><tr><td><a href=\"http:\/\/www.carl-walther.de\/\"><u>Walther&nbsp;Sportwaffen<\/u><\/a><\/td><\/tr><\/tbody><\/table><\/figure>\n\n\n\n<h2 class=\"wp-block-heading\" id=\"distributeurs-armuriers\">Distributeurs \/ Armuriers<\/h2>\n\n\n\n<figure class=\"wp-block-table\"><table><tbody><tr><td><a href=\"http:\/\/www.armurerie-gilles.com\/\"><u>Armurerie Gilles (61000 FLERS)<\/u><\/a><\/td><\/tr><tr><td><a href=\"http:\/\/www.armurerie-pascal.com\/\"><u>Armurerie Pascal<\/u><\/a><\/td><\/tr><tr><td><a href=\"http:\/\/www.recht.fr\/\"><u>Armurerie Recht<\/u><\/a><\/td><\/tr><tr><td><a href=\"http:\/\/www.buffaloarms.com\/\"><u>Buffalo&nbsp;Arms&nbsp;(Dave&nbsp;Gullo)<\/u><\/a><\/td><\/tr><tr><td><a href=\"http:\/\/www.espfrance.com\/\"><u>ESP<\/u><\/a><\/td><\/tr><tr><td><a href=\"http:\/\/www.frankonia.fr\/\"><u>Frankonia<\/u><\/a><\/td><\/tr><tr><td><a href=\"http:\/\/www.logcabinshop.com\/\"><u>Log&nbsp;Cabin&nbsp;Shop<\/u><\/a><\/td><\/tr><tr><td><a href=\"http:\/\/www.nobelsport.fr\/\"><u>Nobel Sport<\/u><\/a><\/td><\/tr><tr><td><a href=\"http:\/\/www.ssfirearms.com\/\"><u>S&amp;S Firearms (gun parts)<\/u><\/a><\/td><\/tr><tr><td><a href=\"http:\/\/www.mcn.net\/~timl\"><u>Sharps&nbsp;Rifle Sales<\/u><\/a><\/td><\/tr><tr><td><a href=\"http:\/\/www.trackofthewolf.com\/\"><u>Track&nbsp;of the Wolf<\/u><\/a><\/td><\/tr><tr><td><a href=\"http:\/\/www.shiloh-ballard.com\/\"><u>William Goodman (Sharps-Ballard)<\/u><\/a><\/td><\/tr><\/tbody><\/table><\/figure>\n\n\n\n<h2 class=\"wp-block-heading\" id=\"artillerie\">Artillerie<\/h2>\n\n\n\n<figure class=\"wp-block-table\"><table><tbody><tr><td><a href=\"http:\/\/www.civilwarartillery.com\/\"><u>Civil War Artillery &#8211; The Projectiles<\/u><\/a><\/td><\/tr><tr><td><a href=\"http:\/\/www.wwd.net\/steen\"><u>Steen Cannons<\/u><\/a><\/td><\/tr><\/tbody><\/table><\/figure>\n\n\n\n<h2 class=\"wp-block-heading\" id=\"associations-et-clubs-de-tir\">Associations et clubs de tir<\/h2>\n\n\n\n<figure class=\"wp-block-table\"><table><tbody><tr><td><a href=\"http:\/\/mlagb.com\/\"><u>Les pages Web de nos amis britanniques de la M.L.A.G.B.<\/u><\/a><\/td><\/tr><tr><td><a href=\"http:\/\/www.nmlra.org\/\"><u>National Muzzle-loading Rifle Association<\/u><\/a><\/td><\/tr><tr><td><a href=\"http:\/\/www.n-ssa.org\/\"><u>North-South&nbsp;Skirmish&nbsp;Association<\/u><\/a><\/td><\/tr><tr><td><a href=\"http:\/\/www.nra.org\/\"><u>National Rifle Association<\/u><\/a><\/td><\/tr><tr><td><a href=\"http:\/\/www.amicale-chenou.fr\/\">Amicale de&nbsp;Chenou<\/a><\/td><\/tr><tr><td><a href=\"http:\/\/www.atbuc.com\/\"><u>Amicale des Tireurs de Buc<\/u><\/a><\/td><\/tr><tr><td><a href=\"http:\/\/www.atsmv.com\/\">Amis Tireurs Sportifs de Marne La Vall\u00e9e<\/a><\/td><\/tr><tr><td><a href=\"http:\/\/www.astircreil.com\/\"><u>Amicale Sportive de Tir de Cr\u00e9teil<\/u><\/a><\/td><\/tr><tr><td><a href=\"http:\/\/www.tir-harthouse.com\/\"><u>ST&nbsp;St&nbsp;Wendelin&nbsp;Harthouse<\/u><\/a>&nbsp;&#8211;&nbsp;Haguenau<\/td><\/tr><tr><td><a href=\"http:\/\/www.tiroccitan.com\/\"><u>Soci\u00e9t\u00e9 de Tir de Grabels<\/u><\/a><\/td><\/tr><tr><td><a href=\"http:\/\/tir.olympique.setois.free.fr\/\"><u>Tir Olympique S\u00e9tois<\/u><\/a><\/td><\/tr><tr><td><a href=\"http:\/\/tirgraulen.free.fr\/\"><u>Tir Sportif&nbsp;Graulen<\/u><\/a><\/td><\/tr><\/tbody><\/table><\/figure>\n\n\n\n<p><\/p>\n","protected":false},"excerpt":{"rendered":"<p>Les sites web de r\u00e9f\u00e9rence Cette page est en cours de construction : certains liens ne sont pas encore op\u00e9rationnels ou non mis \u00e0 jour. Titre Lien F\u00e9d\u00e9rations F\u00e9d\u00e9ration Fran\u00e7aise de Tir Comit\u00e9s d\u00e9partementaux Seine (75) Seine et Marne (77) Essonne (91) Hauts de Seine (92) Seine Saint Denis (93) Val de Marne (94) Val &hellip; <a href=\"https:\/\/www.avtsportif.fr\/index.php\/liens-utiles\/\" class=\"more-link\">Continuer la lecture<span class=\"screen-reader-text\"> de &laquo;&nbsp;Liens utiles&nbsp;&raquo;<\/span><\/a><\/p>\n","protected":false},"author":1,"featured_media":0,"parent":0,"menu_order":0,"comment_status":"closed","ping_status":"closed","template":"","meta":{"ngg_post_thumbnail":0,"footnotes":""},"class_list":["post-225","page","type-page","status-publish","hentry"],"_links":{"self":[{"href":"https:\/\/www.avtsportif.fr\/index.php\/wp-json\/wp\/v2\/pages\/225","targetHints":{"allow":["GET"]}}],"collection":[{"href":"https:\/\/www.avtsportif.fr\/index.php\/wp-json\/wp\/v2\/pages"}],"about":[{"href":"https:\/\/www.avtsportif.fr\/index.php\/wp-json\/wp\/v2\/types\/page"}],"author":[{"embeddable":true,"href":"https:\/\/www.avtsportif.fr\/index.php\/wp-json\/wp\/v2\/users\/1"}],"replies":[{"embeddable":true,"href":"https:\/\/www.avtsportif.fr\/index.php\/wp-json\/wp\/v2\/comments?post=225"}],"version-history":[{"count":30,"href":"https:\/\/www.avtsportif.fr\/index.php\/wp-json\/wp\/v2\/pages\/225\/revisions"}],"predecessor-version":[{"id":777,"href":"https:\/\/www.avtsportif.fr\/index.php\/wp-json\/wp\/v2\/pages\/225\/revisions\/777"}],"wp:attachment":[{"href":"https:\/\/www.avtsportif.fr\/index.php\/wp-json\/wp\/v2\/media?parent=225"}],"curies":[{"name":"wp","href":"https:\/\/api.w.org\/{rel}","templated":true}]}}