{"id":30,"date":"2022-02-14T15:18:49","date_gmt":"2022-02-14T14:18:49","guid":{"rendered":"https:\/\/www.avtsportif.fr\/?page_id=30"},"modified":"2025-05-29T10:09:37","modified_gmt":"2025-05-29T08:09:37","slug":"bienvenue","status":"publish","type":"page","link":"https:\/\/www.avtsportif.fr\/","title":{"rendered":"Bienvenue"},"content":{"rendered":"\n<hr class=\"wp-block-separator has-alpha-channel-opacity is-style-wide\"\/>\n\n\n\n<p><a href=\"https:\/\/www.avtsportif.fr\/index.php\/systeme-dinformation-sur-les-armes-sia\/\" target=\"_blank\" rel=\"noreferrer noopener\">Obligation l\u00e9gale : cr\u00e9er votre compte S.I.A<\/a><\/p>\n\n\n\n<p>Saison 2025\/2026, le stand de tir sera ouvert \u00e0 partir du lundi 1er septembre 2025.<\/p>\n\n\n\n<p>Pour votre r\u00e9inscription pour la saison 2025\/2026, pensez \u00e0 v\u00e9rifier la validit\u00e9 de votre certificat m\u00e9dical qui est d&rsquo;un an ; si votre certificat est p\u00e9rim\u00e9 au moment de votre r\u00e9inscription, celle-ci ne sera pas possible.<\/p>\n\n\n\n<p>Les nouveaux bar\u00e8mes des licences pour la saison 2025\/2026 ont \u00e9t\u00e9 mis \u00e0 jour sur ce site dans la rubrique \u00ab\u00a0Pratique du tir\u00a0\u00bb.<\/p>\n\n\n\n<hr class=\"wp-block-separator has-alpha-channel-opacity is-style-wide\"\/>\n\n\n\n<figure class=\"wp-block-table alignwide\"><table><tbody><tr><td><strong><u>Adresse du stand de Tir<\/u><\/strong><br>Parc des Sports du Grand Pr\u00e9 \u2013 avenue du Grand Pr\u00e9<br>78960 VOISINS LE BRETONNEUX<br><br><strong>GPS&nbsp;: <\/strong>48\u00b045\u201930\u2019\u2019 Nord (48,758333) &#8211; 2\u00b02\u201946\u2019\u2019 Est (2,046111)<br><br><strong><u>Adresse postale<\/u><\/strong><br>Centre Sportif \u00ab\u00a0Les Pyramides\u00a0\u00bb &#8211; 4, Mail de Schenefeld<br>78960 VOISINS LE BRETONNEUX<br><br><strong>Pendant les horaires d\u2019ouverture<\/strong> :<br><strong>T\u00e9l : <\/strong>01 30 64 51 57<br><strong>Mob&nbsp;: <\/strong>06 51 41 23 80<br><br><strong>E.Mail <\/strong><em>:&nbsp;<\/em><a href=\"mailto:avtsportif78@gmail.com\">avtsportif78@gmail.com<\/a><\/td><\/tr><tr><td><code><strong>Important&nbsp;: l\u2019acc\u00e8s au stand de tir se fait par l'Avenue du Grand pr\u00e9 (Parc des Sports du Grand Pr\u00e9)<\/strong>.<\/code><\/td><\/tr><\/tbody><\/table><\/figure>\n\n\n\n<h2 class=\"wp-block-heading\" id=\"horaires-d-ouverture\">Horaires d&rsquo;ouverture saison 2025-2026<\/h2>\n\n\n\n<div class=\"wp-block-group\"><div class=\"wp-block-group__inner-container is-layout-flow wp-block-group-is-layout-flow\">\n<figure class=\"wp-block-table\"><table><tbody><tr><td><strong>JOUR<\/strong><\/td><td><strong>STAND DE TIR<\/strong><\/td><td><strong>HEURES<\/strong><\/td><td><strong>OBSERVATIONS<\/strong><\/td><\/tr><tr><td><strong>Lundi<\/strong><\/td><td>10 m et 25\/50 m<\/td><td>17 h \u00e0 20 h<\/td><td>Tir de loisir<\/td><\/tr><tr><td><strong>Mardi<\/strong><\/td><td>25\/50 m<br>10 m<br>10 m<br>10 m<\/td><td>17 h \u00e0 20h<br>17 h \u00e0 19 h<br>19 h \u00e0 20 h<br>20 h \u00e0 22 h<\/td><td>Tir de loisir<br>Ecole de tir<br>Cadets &amp; Juniors <br>Equipe comp\u00e9tition<\/td><\/tr><tr><td><strong>Mercredi<\/strong><\/td><td>25\/50 m<br>10 m<\/td><td>Ferm\u00e9 <br>18 h \u00e0 20 h<\/td><td><br>Cadets &amp; Juniors<\/td><\/tr><tr><td><strong>Jeudi<\/strong><\/td><td>10 m et 25\/50 m<\/td><td>17 h \u00e0 20 h<\/td><td>Tir de loisir<\/td><\/tr><tr><td><strong>Vendredi<\/strong><\/td><td>10 m et 25\/50 m<\/td><td>Ferm\u00e9<\/td><td><\/td><\/tr><tr><td><strong>Samedi<\/strong><\/td><td>10 m et 25\/50 m<br>10 m et 25\/50 m<\/td><td>9 h \u00e0 12 h 30<br>14 h \u00e0 17 h 30<\/td><td>Tir de loisir<br>Armes longues \u00e0 percussion<br>centrale. Armes anciennes<\/td><\/tr><tr><td><strong>Dimanche<\/strong><\/td><td>10 m et 25\/50 m<\/td><td>9 h \u00e0 12 h 30<\/td><td>Tir de loisir<\/td><\/tr><\/tbody><\/table><\/figure>\n<\/div><\/div>\n\n\n\n<p><strong>FERMETURES EXCEPTIONNELLES :<\/strong><\/p>\n\n\n\n<p>Annonces faites sur le site internet du club et mail envoy\u00e9 \u00e0 tous les adh\u00e9rents.<\/p>\n\n\n\n<p><strong>FERMETURE ANNUELLE :<\/strong><\/p>\n\n\n\n<p>Saison 2025\/2026 : de fin juillet 2026 \u00e0 d\u00e9but septembre 2026 (dates exactes pr\u00e9cis\u00e9es ult\u00e9rieurement).<\/p>\n\n\n\n<p>Plan d&rsquo;acc\u00e8s<\/p>\n\n\n\n<figure class=\"wp-block-image size-full\"><img loading=\"lazy\" decoding=\"async\" width=\"854\" height=\"689\" src=\"https:\/\/www.avtsportif.fr\/wp-content\/uploads\/2022\/02\/AVT_map.jpg\" alt=\"\" class=\"wp-image-42\" srcset=\"https:\/\/www.avtsportif.fr\/wp-content\/uploads\/2022\/02\/AVT_map.jpg 854w, https:\/\/www.avtsportif.fr\/wp-content\/uploads\/2022\/02\/AVT_map-300x242.jpg 300w, https:\/\/www.avtsportif.fr\/wp-content\/uploads\/2022\/02\/AVT_map-768x620.jpg 768w\" sizes=\"auto, (max-width: 709px) 85vw, (max-width: 909px) 67vw, (max-width: 1362px) 62vw, 840px\" \/><figcaption class=\"wp-element-caption\">Plan d&rsquo;acc\u00e8s<\/figcaption><\/figure>\n\n\n\n<figure class=\"wp-block-image size-large\"><img loading=\"lazy\" decoding=\"async\" width=\"1024\" height=\"768\" src=\"https:\/\/www.avtsportif.fr\/wp-content\/uploads\/2022\/02\/entree_stade-1024x768.jpg\" alt=\"\" class=\"wp-image-43\" srcset=\"https:\/\/www.avtsportif.fr\/wp-content\/uploads\/2022\/02\/entree_stade-1024x768.jpg 1024w, https:\/\/www.avtsportif.fr\/wp-content\/uploads\/2022\/02\/entree_stade-300x225.jpg 300w, https:\/\/www.avtsportif.fr\/wp-content\/uploads\/2022\/02\/entree_stade-768x576.jpg 768w, https:\/\/www.avtsportif.fr\/wp-content\/uploads\/2022\/02\/entree_stade-1536x1152.jpg 1536w, https:\/\/www.avtsportif.fr\/wp-content\/uploads\/2022\/02\/entree_stade-2048x1536.jpg 2048w, https:\/\/www.avtsportif.fr\/wp-content\/uploads\/2022\/02\/entree_stade-1568x1176.jpg 1568w\" sizes=\"auto, (max-width: 709px) 85vw, (max-width: 909px) 67vw, (max-width: 1362px) 62vw, 840px\" \/><figcaption class=\"wp-element-caption\">Entr\u00e9e du Parc des Sports du Grand Pr\u00e9<\/figcaption><\/figure>\n\n\n\n<p><\/p>\n","protected":false},"excerpt":{"rendered":"<p>Obligation l\u00e9gale : cr\u00e9er votre compte S.I.A Saison 2025\/2026, le stand de tir sera ouvert \u00e0 partir du lundi 1er septembre 2025. Pour votre r\u00e9inscription pour la saison 2025\/2026, pensez \u00e0 v\u00e9rifier la validit\u00e9 de votre certificat m\u00e9dical qui est d&rsquo;un an ; si votre certificat est p\u00e9rim\u00e9 au moment de votre r\u00e9inscription, celle-ci ne &hellip; <a href=\"https:\/\/www.avtsportif.fr\/\" class=\"more-link\">Continuer la lecture<span class=\"screen-reader-text\"> de &laquo;&nbsp;Bienvenue&nbsp;&raquo;<\/span><\/a><\/p>\n","protected":false},"author":1,"featured_media":0,"parent":0,"menu_order":0,"comment_status":"closed","ping_status":"closed","template":"","meta":{"ngg_post_thumbnail":0,"footnotes":""},"class_list":["post-30","page","type-page","status-publish","hentry"],"_links":{"self":[{"href":"https:\/\/www.avtsportif.fr\/index.php\/wp-json\/wp\/v2\/pages\/30","targetHints":{"allow":["GET"]}}],"collection":[{"href":"https:\/\/www.avtsportif.fr\/index.php\/wp-json\/wp\/v2\/pages"}],"about":[{"href":"https:\/\/www.avtsportif.fr\/index.php\/wp-json\/wp\/v2\/types\/page"}],"author":[{"embeddable":true,"href":"https:\/\/www.avtsportif.fr\/index.php\/wp-json\/wp\/v2\/users\/1"}],"replies":[{"embeddable":true,"href":"https:\/\/www.avtsportif.fr\/index.php\/wp-json\/wp\/v2\/comments?post=30"}],"version-history":[{"count":40,"href":"https:\/\/www.avtsportif.fr\/index.php\/wp-json\/wp\/v2\/pages\/30\/revisions"}],"predecessor-version":[{"id":1548,"href":"https:\/\/www.avtsportif.fr\/index.php\/wp-json\/wp\/v2\/pages\/30\/revisions\/1548"}],"wp:attachment":[{"href":"https:\/\/www.avtsportif.fr\/index.php\/wp-json\/wp\/v2\/media?parent=30"}],"curies":[{"name":"wp","href":"https:\/\/api.w.org\/{rel}","templated":true}]}}