{"id":669,"date":"2022-04-07T11:28:41","date_gmt":"2022-04-07T09:28:41","guid":{"rendered":"https:\/\/www.avtsportif.fr\/?page_id=669"},"modified":"2023-03-01T11:38:53","modified_gmt":"2023-03-01T10:38:53","slug":"reglementation","status":"publish","type":"page","link":"https:\/\/www.avtsportif.fr\/index.php\/reglementation\/","title":{"rendered":"R\u00e9glementation"},"content":{"rendered":"\n<p>Ici se trouve tout ce qui concerne la r\u00e9glementation des armes.<\/p>\n\n\n\n<p>Attention : ces informations sont donn\u00e9es \u00e0 titre consultatif et ne se substituent pas aux textes de Lois officiels que vous devez consulter.<\/p>\n\n\n\n<h2 class=\"wp-block-heading\" id=\"detention-d-armes\">D\u00e9tention d&rsquo;armes<\/h2>\n\n\n\n<figure class=\"wp-block-table\"><table><tbody><tr><td><strong>Th\u00e8mes \u00e9voqu\u00e9s<\/strong><\/td><\/tr><tr><td><a href=\"https:\/\/www.avtsportif.fr\/wp-content\/uploads\/2023\/03\/Demande-Avis-Prealable.pdf\" target=\"_blank\" rel=\"noreferrer noopener\">Demande avis pr\u00e9alable<\/a><\/td><\/tr><tr><td><a href=\"https:\/\/www.avtsportif.fr\/wp-content\/uploads\/2023\/03\/Demande-de-detention-darmes.pdf\" target=\"_blank\" rel=\"noreferrer noopener\">Demande de d\u00e9tention d&rsquo;armes<\/a><\/td><\/tr><tr><td><a rel=\"noreferrer noopener\" href=\"https:\/\/www2021.avtsportif.fr\/Doc_sur_le_TIR\/Reglementation\/Cerfa%2012644%2002.pdf\" target=\"_blank\">Arme Cat\u00e9gorie B \u2013&nbsp;Cerfa&nbsp;12644*02<\/a><\/td><\/tr><tr><td><a rel=\"noreferrer noopener\" href=\"https:\/\/www2021.avtsportif.fr\/Doc_sur_le_TIR\/Reglementation\/Cerfa%2012650%2004.pdf\" target=\"_blank\">Arme Cat\u00e9gorie C \u2013&nbsp;Cerfa&nbsp;12650*04<\/a><\/td><\/tr><tr><td><a rel=\"noreferrer noopener\" href=\"https:\/\/www2021.avtsportif.fr\/Doc_sur_le_TIR\/Reglementation\/Cerfa%2011845%2003.pdf\" target=\"_blank\">D\u00e9claration d\u2019abandon \u2013&nbsp;Cerfa&nbsp;11845*03<\/a><\/td><\/tr><tr><td><a rel=\"noreferrer noopener\" href=\"https:\/\/www2021.avtsportif.fr\/Doc_sur_le_TIR\/Reglementation\/Questionnaire%20de%20Controles%20de%20Connaissances.pdf\" target=\"_blank\">Questionnaire de Contr\u00f4le des Connaissances<\/a><\/td><\/tr><\/tbody><\/table><\/figure>\n\n\n\n<h2 class=\"wp-block-heading\" id=\"decrets\">D\u00e9crets<\/h2>\n\n\n\n<figure class=\"wp-block-table\"><table><tbody><tr><td><strong>Th\u00e8mes \u00e9voqu\u00e9s<\/strong><\/td><\/tr><tr><td><a rel=\"noreferrer noopener\" href=\"https:\/\/www2021.avtsportif.fr\/Doc_sur_le_TIR\/Reglementation\/Decret%20du%2029%20mai%201995.pdf\" target=\"_blank\">D\u00e9cret du 29 mai 1995<\/a><\/td><\/tr><tr><td><a rel=\"noreferrer noopener\" href=\"https:\/\/www2021.avtsportif.fr\/Doc_sur_le_TIR\/Reglementation\/Loi%20du%2029%20mai%201998.pdf\" target=\"_blank\">Loi du 29 mai 1998<\/a><\/td><\/tr><tr><td><a rel=\"noreferrer noopener\" href=\"https:\/\/www2021.avtsportif.fr\/Doc_sur_le_TIR\/Reglementation\/Arrete%20du%2016%20decembre%201998.pdf\" target=\"_blank\">Arr\u00eat\u00e9 du 16 d\u00e9cembre 1998<\/a><\/td><\/tr><tr><td><a rel=\"noreferrer noopener\" href=\"https:\/\/www2021.avtsportif.fr\/Doc_sur_le_TIR\/Reglementation\/Decret%20du%2016%20decembre%201998.pdf\" target=\"_blank\">D\u00e9cret du 16 d\u00e9cembre 1998<\/a><\/td><\/tr><tr><td><a rel=\"noreferrer noopener\" href=\"https:\/\/www2021.avtsportif.fr\/Doc_sur_le_TIR\/Reglementation\/Decret%20du%2023%20novembre%202005.pdf\" target=\"_blank\">D\u00e9cret du 23 novembre 2005<\/a><\/td><\/tr><tr><td><a rel=\"noreferrer noopener\" href=\"https:\/\/www2021.avtsportif.fr\/Doc_sur_le_TIR\/Reglementation\/Decret%20du%2029%20mai%201995%20actualise%20le%2023%20novembre%202005.pdf\" target=\"_blank\">D\u00e9cret du 29 mai 1995 actualise 2005<\/a><\/td><\/tr><tr><td><a rel=\"noreferrer noopener\" href=\"https:\/\/www2021.avtsportif.fr\/Doc_sur_le_TIR\/Reglementation\/Loi%20du%206%20mars%202012.pdf\" target=\"_blank\">Loi du 6 mars 2012<\/a><\/td><\/tr><tr><td><a rel=\"noreferrer noopener\" href=\"https:\/\/www2021.avtsportif.fr\/Doc_sur_le_TIR\/Reglementation\/Decret%20du%2030%20juillet%202013.pdf\" target=\"_blank\">D\u00e9cret du 30 juillet 2013<\/a><\/td><\/tr><\/tbody><\/table><\/figure>\n\n\n\n<p><\/p>\n","protected":false},"excerpt":{"rendered":"<p>Ici se trouve tout ce qui concerne la r\u00e9glementation des armes. Attention : ces informations sont donn\u00e9es \u00e0 titre consultatif et ne se substituent pas aux textes de Lois officiels que vous devez consulter. D\u00e9tention d&rsquo;armes Th\u00e8mes \u00e9voqu\u00e9s Demande avis pr\u00e9alable Demande de d\u00e9tention d&rsquo;armes Arme Cat\u00e9gorie B \u2013&nbsp;Cerfa&nbsp;12644*02 Arme Cat\u00e9gorie C \u2013&nbsp;Cerfa&nbsp;12650*04 D\u00e9claration d\u2019abandon &hellip; <a href=\"https:\/\/www.avtsportif.fr\/index.php\/reglementation\/\" class=\"more-link\">Continuer la lecture<span class=\"screen-reader-text\"> de &laquo;&nbsp;R\u00e9glementation&nbsp;&raquo;<\/span><\/a><\/p>\n","protected":false},"author":1,"featured_media":0,"parent":0,"menu_order":0,"comment_status":"closed","ping_status":"closed","template":"","meta":{"ngg_post_thumbnail":0,"footnotes":""},"class_list":["post-669","page","type-page","status-publish","hentry"],"_links":{"self":[{"href":"https:\/\/www.avtsportif.fr\/index.php\/wp-json\/wp\/v2\/pages\/669","targetHints":{"allow":["GET"]}}],"collection":[{"href":"https:\/\/www.avtsportif.fr\/index.php\/wp-json\/wp\/v2\/pages"}],"about":[{"href":"https:\/\/www.avtsportif.fr\/index.php\/wp-json\/wp\/v2\/types\/page"}],"author":[{"embeddable":true,"href":"https:\/\/www.avtsportif.fr\/index.php\/wp-json\/wp\/v2\/users\/1"}],"replies":[{"embeddable":true,"href":"https:\/\/www.avtsportif.fr\/index.php\/wp-json\/wp\/v2\/comments?post=669"}],"version-history":[{"count":8,"href":"https:\/\/www.avtsportif.fr\/index.php\/wp-json\/wp\/v2\/pages\/669\/revisions"}],"predecessor-version":[{"id":1151,"href":"https:\/\/www.avtsportif.fr\/index.php\/wp-json\/wp\/v2\/pages\/669\/revisions\/1151"}],"wp:attachment":[{"href":"https:\/\/www.avtsportif.fr\/index.php\/wp-json\/wp\/v2\/media?parent=669"}],"curies":[{"name":"wp","href":"https:\/\/api.w.org\/{rel}","templated":true}]}}