{"id":676,"date":"2022-04-07T11:47:49","date_gmt":"2022-04-07T09:47:49","guid":{"rendered":"https:\/\/www.avtsportif.fr\/?page_id=676"},"modified":"2023-09-12T10:36:23","modified_gmt":"2023-09-12T08:36:23","slug":"reserver-son-pas-de-tir","status":"publish","type":"page","link":"https:\/\/www.avtsportif.fr\/index.php\/reserver-son-pas-de-tir\/","title":{"rendered":"R\u00e9server son pas de tir"},"content":{"rendered":"\n<p>Depuis quelques temps d\u00e9j\u00e0, il est pr\u00e9f\u00e9rable de r\u00e9server son pas de tir. Pour cela suivre le lien suivant : <a rel=\"noreferrer noopener\" href=\"https:\/\/avtsportif78.mygrr.net\/login.php\" target=\"_blank\">GRR (Gestion et R\u00e9servation de Ressources) : Association Vicinoise de Tir<\/a><\/p>\n\n\n\n<p><strong>Ce lien n\u00e9cessite de conna\u00eetre son identifiant et mot de passe fournis par le club.<\/strong><\/p>\n","protected":false},"excerpt":{"rendered":"<p>Depuis quelques temps d\u00e9j\u00e0, il est pr\u00e9f\u00e9rable de r\u00e9server son pas de tir. Pour cela suivre le lien suivant : GRR (Gestion et R\u00e9servation de Ressources) : Association Vicinoise de Tir Ce lien n\u00e9cessite de conna\u00eetre son identifiant et mot de passe fournis par le club.<\/p>\n","protected":false},"author":1,"featured_media":0,"parent":0,"menu_order":0,"comment_status":"closed","ping_status":"closed","template":"","meta":{"ngg_post_thumbnail":0,"footnotes":""},"class_list":["post-676","page","type-page","status-publish","hentry"],"_links":{"self":[{"href":"https:\/\/www.avtsportif.fr\/index.php\/wp-json\/wp\/v2\/pages\/676","targetHints":{"allow":["GET"]}}],"collection":[{"href":"https:\/\/www.avtsportif.fr\/index.php\/wp-json\/wp\/v2\/pages"}],"about":[{"href":"https:\/\/www.avtsportif.fr\/index.php\/wp-json\/wp\/v2\/types\/page"}],"author":[{"embeddable":true,"href":"https:\/\/www.avtsportif.fr\/index.php\/wp-json\/wp\/v2\/users\/1"}],"replies":[{"embeddable":true,"href":"https:\/\/www.avtsportif.fr\/index.php\/wp-json\/wp\/v2\/comments?post=676"}],"version-history":[{"count":3,"href":"https:\/\/www.avtsportif.fr\/index.php\/wp-json\/wp\/v2\/pages\/676\/revisions"}],"predecessor-version":[{"id":1220,"href":"https:\/\/www.avtsportif.fr\/index.php\/wp-json\/wp\/v2\/pages\/676\/revisions\/1220"}],"wp:attachment":[{"href":"https:\/\/www.avtsportif.fr\/index.php\/wp-json\/wp\/v2\/media?parent=676"}],"curies":[{"name":"wp","href":"https:\/\/api.w.org\/{rel}","templated":true}]}}