{"id":93,"date":"2022-02-14T17:45:48","date_gmt":"2022-02-14T16:45:48","guid":{"rendered":"https:\/\/www.avtsportif.fr\/?page_id=93"},"modified":"2026-02-15T10:53:35","modified_gmt":"2026-02-15T09:53:35","slug":"actualites","status":"publish","type":"page","link":"https:\/\/www.avtsportif.fr\/index.php\/actualites\/","title":{"rendered":"Archives"},"content":{"rendered":"\n<h2 class=\"wp-block-heading\" id=\"les-anciennes-actualites-2021-et-avant\">Voici les comptes rendus des Assembl\u00e9es G\u00e9n\u00e9rales<\/h2>\n\n\n\n<h3 class=\"wp-block-heading\">2025<\/h3>\n\n\n\n<p><a href=\"https:\/\/www.avtsportif.fr\/wp-content\/uploads\/2026\/02\/Assemblee-Generale-2025.pdf\" target=\"_blank\" rel=\"noreferrer noopener\">Compte-rendu AG 2025<\/a><\/p>\n\n\n\n<h3 class=\"wp-block-heading\">2024<\/h3>\n\n\n\n<p><a href=\"https:\/\/www.avtsportif.fr\/wp-content\/uploads\/2026\/02\/Assemblee-Generale-2024.pdf\" target=\"_blank\" rel=\"noreferrer noopener\">Compte rendu AG 2024<\/a><\/p>\n\n\n\n<h3 class=\"wp-block-heading\">2023<\/h3>\n\n\n\n<p><a href=\"https:\/\/www.avtsportif.fr\/wp-content\/uploads\/2024\/05\/Assemblee-Generale-2023.pdf\" target=\"_blank\" rel=\"noreferrer noopener\">https:\/\/www.avtsportif.fr\/wp-content\/uploads\/2024\/05\/Assemblee-Generale-2023.pdf<\/a><\/p>\n\n\n\n<h3 class=\"wp-block-heading\">2022<\/h3>\n\n\n\n<div data-wp-interactive=\"core\/file\" class=\"wp-block-file\"><object data-wp-bind--hidden=\"!state.hasPdfPreview\" hidden class=\"wp-block-file__embed\" data=\"https:\/\/www.avtsportif.fr\/wp-content\/uploads\/2022\/12\/AVT-Assemblee-Generale-2022.pdf\" type=\"application\/pdf\" style=\"width:100%;height:240px\" aria-label=\"Contenu embarqu\u00e9 AVT-Assemblee-Generale-2022.\"><\/object><a id=\"wp-block-file--media-9b2a2f47-a599-480d-8f2a-5d8435b7938a\" href=\"https:\/\/www.avtsportif.fr\/wp-content\/uploads\/2022\/12\/AVT-Assemblee-Generale-2022.pdf\">AVT-Assemblee-Generale-2022<\/a><a href=\"https:\/\/www.avtsportif.fr\/wp-content\/uploads\/2022\/12\/AVT-Assemblee-Generale-2022.pdf\" class=\"wp-block-file__button wp-element-button\" download aria-describedby=\"wp-block-file--media-9b2a2f47-a599-480d-8f2a-5d8435b7938a\">Download<\/a><\/div>\n\n\n\n<h3 class=\"wp-block-heading\">2021<\/h3>\n\n\n\n<div data-wp-interactive=\"core\/file\" class=\"wp-block-file\"><object data-wp-bind--hidden=\"!state.hasPdfPreview\" hidden class=\"wp-block-file__embed\" data=\"https:\/\/www.avtsportif.fr\/wp-content\/uploads\/2022\/04\/CR-Assemblee-Generale-AVT-2021.pdf\" type=\"application\/pdf\" style=\"width:100%;height:240px\" aria-label=\"Contenu embarqu\u00e9 CR-Assemblee-Generale-AVT-2021.\"><\/object><a id=\"wp-block-file--media-6ec8376d-1c6f-4b67-b958-dcf7115f30a2\" href=\"https:\/\/www.avtsportif.fr\/wp-content\/uploads\/2022\/04\/CR-Assemblee-Generale-AVT-2021.pdf\">CR-Assemblee-Generale-AVT-2021<\/a><a href=\"https:\/\/www.avtsportif.fr\/wp-content\/uploads\/2022\/04\/CR-Assemblee-Generale-AVT-2021.pdf\" class=\"wp-block-file__button wp-element-button\" download aria-describedby=\"wp-block-file--media-6ec8376d-1c6f-4b67-b958-dcf7115f30a2\">T\u00e9l\u00e9charger<\/a><\/div>\n\n\n\n<p><\/p>\n\n\n\n<h3 class=\"wp-block-heading\">2020<\/h3>\n\n\n\n<div data-wp-interactive=\"core\/file\" class=\"wp-block-file\"><object data-wp-bind--hidden=\"!state.hasPdfPreview\" hidden class=\"wp-block-file__embed\" data=\"https:\/\/www.avtsportif.fr\/wp-content\/uploads\/2022\/04\/CR-Assemblee-Generale-AVT-2020.pdf\" type=\"application\/pdf\" style=\"width:100%;height:240px\" aria-label=\"Contenu embarqu\u00e9 CR-Assemblee-Generale-AVT-2020.\"><\/object><a id=\"wp-block-file--media-af569eac-df37-49ca-a571-b6157ee256b6\" href=\"https:\/\/www.avtsportif.fr\/wp-content\/uploads\/2022\/04\/CR-Assemblee-Generale-AVT-2020.pdf\">CR-Assemblee-Generale-AVT-2020<\/a><a href=\"https:\/\/www.avtsportif.fr\/wp-content\/uploads\/2022\/04\/CR-Assemblee-Generale-AVT-2020.pdf\" class=\"wp-block-file__button wp-element-button\" download aria-describedby=\"wp-block-file--media-af569eac-df37-49ca-a571-b6157ee256b6\">T\u00e9l\u00e9charger<\/a><\/div>\n\n\n\n<p><\/p>\n\n\n\n<h3 class=\"wp-block-heading\">2019<\/h3>\n\n\n\n<div data-wp-interactive=\"core\/file\" class=\"wp-block-file\"><object data-wp-bind--hidden=\"!state.hasPdfPreview\" hidden class=\"wp-block-file__embed\" data=\"https:\/\/www.avtsportif.fr\/wp-content\/uploads\/2022\/04\/CR-Assemblee-Generale-AVT-2019.pdf\" type=\"application\/pdf\" style=\"width:100%;height:240px\" aria-label=\"Contenu embarqu\u00e9 CR-Assemblee-Generale-AVT-2019.\"><\/object><a id=\"wp-block-file--media-590f4866-e36f-44be-a273-f9672c3a2e6c\" href=\"https:\/\/www.avtsportif.fr\/wp-content\/uploads\/2022\/04\/CR-Assemblee-Generale-AVT-2019.pdf\">CR-Assemblee-Generale-AVT-2019<\/a><a href=\"https:\/\/www.avtsportif.fr\/wp-content\/uploads\/2022\/04\/CR-Assemblee-Generale-AVT-2019.pdf\" class=\"wp-block-file__button wp-element-button\" download aria-describedby=\"wp-block-file--media-590f4866-e36f-44be-a273-f9672c3a2e6c\">T\u00e9l\u00e9charger<\/a><\/div>\n\n\n\n<p><\/p>\n","protected":false},"excerpt":{"rendered":"<p>Voici les comptes rendus des Assembl\u00e9es G\u00e9n\u00e9rales 2025 Compte-rendu AG 2025 2024 Compte rendu AG 2024 2023 https:\/\/www.avtsportif.fr\/wp-content\/uploads\/2024\/05\/Assemblee-Generale-2023.pdf 2022 2021 2020 2019<\/p>\n","protected":false},"author":1,"featured_media":0,"parent":0,"menu_order":0,"comment_status":"closed","ping_status":"closed","template":"","meta":{"ngg_post_thumbnail":0,"footnotes":""},"class_list":["post-93","page","type-page","status-publish","hentry"],"_links":{"self":[{"href":"https:\/\/www.avtsportif.fr\/index.php\/wp-json\/wp\/v2\/pages\/93","targetHints":{"allow":["GET"]}}],"collection":[{"href":"https:\/\/www.avtsportif.fr\/index.php\/wp-json\/wp\/v2\/pages"}],"about":[{"href":"https:\/\/www.avtsportif.fr\/index.php\/wp-json\/wp\/v2\/types\/page"}],"author":[{"embeddable":true,"href":"https:\/\/www.avtsportif.fr\/index.php\/wp-json\/wp\/v2\/users\/1"}],"replies":[{"embeddable":true,"href":"https:\/\/www.avtsportif.fr\/index.php\/wp-json\/wp\/v2\/comments?post=93"}],"version-history":[{"count":18,"href":"https:\/\/www.avtsportif.fr\/index.php\/wp-json\/wp\/v2\/pages\/93\/revisions"}],"predecessor-version":[{"id":1633,"href":"https:\/\/www.avtsportif.fr\/index.php\/wp-json\/wp\/v2\/pages\/93\/revisions\/1633"}],"wp:attachment":[{"href":"https:\/\/www.avtsportif.fr\/index.php\/wp-json\/wp\/v2\/media?parent=93"}],"curies":[{"name":"wp","href":"https:\/\/api.w.org\/{rel}","templated":true}]}}