{"id":98,"date":"2022-02-14T17:53:54","date_gmt":"2022-02-14T16:53:54","guid":{"rendered":"https:\/\/www.avtsportif.fr\/?page_id=98"},"modified":"2022-02-14T18:11:19","modified_gmt":"2022-02-14T17:11:19","slug":"le-stand-de-tir","status":"publish","type":"page","link":"https:\/\/www.avtsportif.fr\/index.php\/le-stand-de-tir\/","title":{"rendered":"Le stand de tir"},"content":{"rendered":"\n<figure class=\"wp-block-table aligncenter\"><table><tbody><tr><td class=\"has-text-align-left\" data-align=\"left\">Le pas de tir \u00e0 10 m\u00e8tres (couvert et chauff\u00e9)<br>&#8211; 8x postes de tir: avec rameneurs \u00e9lectriques.<br>&#8211; 2x postes de tir avec cibleries vitesse 10 m\u00e8tres.<\/td><td class=\"has-text-align-center\" data-align=\"center\"><a href=\"https:\/\/www.avtsportif.fr\/wp-content\/uploads\/2022\/02\/P3090011.jpg\" target=\"_blank\" rel=\"noreferrer noopener\"><img loading=\"lazy\" decoding=\"async\" width=\"150\" height=\"113\" class=\"wp-image-99\" style=\"width: 150px;\" src=\"https:\/\/www.avtsportif.fr\/wp-content\/uploads\/2022\/02\/P3090011.jpg\" alt=\"Pas de tir 10 m\" srcset=\"https:\/\/www.avtsportif.fr\/wp-content\/uploads\/2022\/02\/P3090011.jpg 640w, https:\/\/www.avtsportif.fr\/wp-content\/uploads\/2022\/02\/P3090011-300x225.jpg 300w\" sizes=\"auto, (max-width: 150px) 85vw, 150px\" \/><\/a><\/td><\/tr><tr><td class=\"has-text-align-left\" data-align=\"left\">Le pas de tir \u00e0 25 et 50 m\u00e8tres (couvert, ventil\u00e9 et chauff\u00e9):<br>&#8211; 6 postes de tir 25 m\u00e8tres convertibles en 50 m\u00e8tres avec rameneurs \u00e9lectriques (vue ext\u00e9rieure).<br>&#8211; une ciblerie vitesse \u00e0 25 m\u00e8tres avec 5 postes de tir<br>&#8211; une ciblerie pour le tir sur gongs<br>\u00a0<br>Installation modulable pour 7 postes de tir 10 m\u00e8tres avec rameneurs manuels.<\/td><td class=\"has-text-align-center\" data-align=\"center\"><a href=\"https:\/\/www.avtsportif.fr\/wp-content\/uploads\/2022\/02\/P3090016.jpg\" target=\"_blank\" rel=\"noreferrer noopener\"><img loading=\"lazy\" decoding=\"async\" width=\"150\" height=\"113\" class=\"wp-image-108\" style=\"width: 150px;\" src=\"https:\/\/www.avtsportif.fr\/wp-content\/uploads\/2022\/02\/P3090016.jpg\" alt=\"Pas de tir 25\/50m\" srcset=\"https:\/\/www.avtsportif.fr\/wp-content\/uploads\/2022\/02\/P3090016.jpg 640w, https:\/\/www.avtsportif.fr\/wp-content\/uploads\/2022\/02\/P3090016-300x225.jpg 300w\" sizes=\"auto, (max-width: 150px) 85vw, 150px\" \/><\/a><\/td><\/tr><tr><td class=\"has-text-align-left\" data-align=\"left\">Le m\u00eame en vue int\u00e9rieure<\/td><td class=\"has-text-align-center\" data-align=\"center\"><a href=\"https:\/\/www.avtsportif.fr\/wp-content\/uploads\/2022\/02\/P3090020.jpg\" target=\"_blank\" rel=\"noreferrer noopener\"><img loading=\"lazy\" decoding=\"async\" width=\"150\" height=\"113\" class=\"wp-image-110\" style=\"width: 150px;\" src=\"https:\/\/www.avtsportif.fr\/wp-content\/uploads\/2022\/02\/P3090020.jpg\" alt=\"Pas de tir 25\/50m (vur int\u00e9rieur)\" srcset=\"https:\/\/www.avtsportif.fr\/wp-content\/uploads\/2022\/02\/P3090020.jpg 640w, https:\/\/www.avtsportif.fr\/wp-content\/uploads\/2022\/02\/P3090020-300x225.jpg 300w\" sizes=\"auto, (max-width: 150px) 85vw, 150px\" \/><\/a><\/td><\/tr><tr><td class=\"has-text-align-left\" data-align=\"left\">Un exemple de tir \u00e0 50 m\u00e8tres: (C&rsquo;est loin!!!)<\/td><td class=\"has-text-align-center\" data-align=\"center\"><a href=\"https:\/\/www.avtsportif.fr\/wp-content\/uploads\/2022\/02\/P3090023.jpg\" target=\"_blank\" rel=\"noreferrer noopener\"><img loading=\"lazy\" decoding=\"async\" width=\"150\" height=\"200\" class=\"wp-image-112\" style=\"width: 150px;\" src=\"https:\/\/www.avtsportif.fr\/wp-content\/uploads\/2022\/02\/P3090023.jpg\" alt=\"50m c'est loin\" srcset=\"https:\/\/www.avtsportif.fr\/wp-content\/uploads\/2022\/02\/P3090023.jpg 480w, https:\/\/www.avtsportif.fr\/wp-content\/uploads\/2022\/02\/P3090023-225x300.jpg 225w\" sizes=\"auto, (max-width: 150px) 85vw, 150px\" \/><\/a><\/td><\/tr><tr><td class=\"has-text-align-left\" data-align=\"left\">Le tableau d&rsquo;affichage des diff\u00e9rentes comp\u00e9titions et renseignements divers<\/td><td class=\"has-text-align-center\" data-align=\"center\"><a href=\"https:\/\/www.avtsportif.fr\/wp-content\/uploads\/2022\/02\/P3090015.jpg\" target=\"_blank\" rel=\"noreferrer noopener\"><img loading=\"lazy\" decoding=\"async\" width=\"150\" height=\"113\" class=\"wp-image-114\" style=\"width: 150px;\" src=\"https:\/\/www.avtsportif.fr\/wp-content\/uploads\/2022\/02\/P3090015.jpg\" alt=\"Tableau d'affichage\" srcset=\"https:\/\/www.avtsportif.fr\/wp-content\/uploads\/2022\/02\/P3090015.jpg 640w, https:\/\/www.avtsportif.fr\/wp-content\/uploads\/2022\/02\/P3090015-300x225.jpg 300w\" sizes=\"auto, (max-width: 150px) 85vw, 150px\" \/><\/a><\/td><\/tr><tr><td class=\"has-text-align-left\" data-align=\"left\">L&rsquo;espace d\u00e9tente qui sert aussi de salle de r\u00e9union pour le comit\u00e9 et de salle d&rsquo;attente pour les parents ou accompagnateurs de tireurs pendant les entra\u00eenements ou les comp\u00e9titions.<\/td><td class=\"has-text-align-center\" data-align=\"center\"><a href=\"https:\/\/www.avtsportif.fr\/wp-content\/uploads\/2022\/02\/P3090009.jpg\" target=\"_blank\" rel=\"noreferrer noopener\"><img loading=\"lazy\" decoding=\"async\" width=\"150\" height=\"113\" class=\"wp-image-97\" style=\"width: 150px;\" src=\"https:\/\/www.avtsportif.fr\/wp-content\/uploads\/2022\/02\/P3090009.jpg\" alt=\"Salle d\u00e9tente\" srcset=\"https:\/\/www.avtsportif.fr\/wp-content\/uploads\/2022\/02\/P3090009.jpg 640w, https:\/\/www.avtsportif.fr\/wp-content\/uploads\/2022\/02\/P3090009-300x225.jpg 300w\" sizes=\"auto, (max-width: 150px) 85vw, 150px\" \/><\/a><\/td><\/tr><\/tbody><\/table><\/figure>\n","protected":false},"excerpt":{"rendered":"<p>Le pas de tir \u00e0 10 m\u00e8tres (couvert et chauff\u00e9)&#8211; 8x postes de tir: avec rameneurs \u00e9lectriques.&#8211; 2x postes de tir avec cibleries vitesse 10 m\u00e8tres. Le pas de tir \u00e0 25 et 50 m\u00e8tres (couvert, ventil\u00e9 et chauff\u00e9):&#8211; 6 postes de tir 25 m\u00e8tres convertibles en 50 m\u00e8tres avec rameneurs \u00e9lectriques (vue ext\u00e9rieure).&#8211; une &hellip; <a href=\"https:\/\/www.avtsportif.fr\/index.php\/le-stand-de-tir\/\" class=\"more-link\">Continuer la lecture<span class=\"screen-reader-text\"> de &laquo;&nbsp;Le stand de tir&nbsp;&raquo;<\/span><\/a><\/p>\n","protected":false},"author":1,"featured_media":0,"parent":0,"menu_order":0,"comment_status":"closed","ping_status":"closed","template":"","meta":{"ngg_post_thumbnail":0,"footnotes":""},"class_list":["post-98","page","type-page","status-publish","hentry"],"_links":{"self":[{"href":"https:\/\/www.avtsportif.fr\/index.php\/wp-json\/wp\/v2\/pages\/98","targetHints":{"allow":["GET"]}}],"collection":[{"href":"https:\/\/www.avtsportif.fr\/index.php\/wp-json\/wp\/v2\/pages"}],"about":[{"href":"https:\/\/www.avtsportif.fr\/index.php\/wp-json\/wp\/v2\/types\/page"}],"author":[{"embeddable":true,"href":"https:\/\/www.avtsportif.fr\/index.php\/wp-json\/wp\/v2\/users\/1"}],"replies":[{"embeddable":true,"href":"https:\/\/www.avtsportif.fr\/index.php\/wp-json\/wp\/v2\/comments?post=98"}],"version-history":[{"count":9,"href":"https:\/\/www.avtsportif.fr\/index.php\/wp-json\/wp\/v2\/pages\/98\/revisions"}],"predecessor-version":[{"id":115,"href":"https:\/\/www.avtsportif.fr\/index.php\/wp-json\/wp\/v2\/pages\/98\/revisions\/115"}],"wp:attachment":[{"href":"https:\/\/www.avtsportif.fr\/index.php\/wp-json\/wp\/v2\/media?parent=98"}],"curies":[{"name":"wp","href":"https:\/\/api.w.org\/{rel}","templated":true}]}}